{"id":194033,"date":"2025-04-30T11:40:41","date_gmt":"2025-04-30T09:40:48","guid":{"rendered":"https:\/\/www.laperlavalles.cat\/product\/bibigo-salsa-coreana-topokki-dolca-i-picant-150g\/"},"modified":"2025-05-30T16:00:26","modified_gmt":"2025-05-30T14:00:26","slug":"bibigo-salsa-coreana-topokki-dolca-i-picant-150g","status":"publish","type":"product","link":"https:\/\/www.laperlavalles.cat\/ca\/producte\/bibigo-salsa-coreana-topokki-dolca-i-picant-150g\/","title":{"rendered":"BIBIGO SALSA COREANA TOPOKKI DOL\u00c7A I PICANT 150G"},"content":{"rendered":"<p>La Bibigo Salsa Coreana Topokki Dol\u00e7a i Picant 150g \u00e9s una salsa tradicional coreana dissenyada per preparar el popular plat de carrer &#8220;tteokbokki&#8221;. Combina la dol\u00e7or del pur\u00e9 de poma amb el picant del gochujang, oferint un sabor equilibrat i aut\u00e8ntic. Ideal per acompanyar pastissos d&#8217;arr\u00f2s (tteok), verdures o carns.<\/p>\n","protected":false},"excerpt":{"rendered":"<p>La Bibigo Salsa Coreana Topokki Dol\u00e7a i Picant 150g \u00e9s una salsa tradicional coreana dissenyada per preparar el popular plat de carrer &#8220;tteokbokki&#8221;. Combina la dol\u00e7or<span class=\"excerpt-hellip\"> [\u2026]<\/span><\/p>\n","protected":false},"featured_media":194025,"comment_status":"open","ping_status":"closed","template":"","meta":[],"product_cat":[8411,8504],"product_tag":[],"_links":{"self":[{"href":"https:\/\/www.laperlavalles.cat\/ca\/wp-json\/wp\/v2\/product\/194033"}],"collection":[{"href":"https:\/\/www.laperlavalles.cat\/ca\/wp-json\/wp\/v2\/product"}],"about":[{"href":"https:\/\/www.laperlavalles.cat\/ca\/wp-json\/wp\/v2\/types\/product"}],"replies":[{"embeddable":true,"href":"https:\/\/www.laperlavalles.cat\/ca\/wp-json\/wp\/v2\/comments?post=194033"}],"wp:featuredmedia":[{"embeddable":true,"href":"https:\/\/www.laperlavalles.cat\/ca\/wp-json\/wp\/v2\/media\/194025"}],"wp:attachment":[{"href":"https:\/\/www.laperlavalles.cat\/ca\/wp-json\/wp\/v2\/media?parent=194033"}],"wp:term":[{"taxonomy":"product_cat","embeddable":true,"href":"https:\/\/www.laperlavalles.cat\/ca\/wp-json\/wp\/v2\/product_cat?post=194033"},{"taxonomy":"product_tag","embeddable":true,"href":"https:\/\/www.laperlavalles.cat\/ca\/wp-json\/wp\/v2\/product_tag?post=194033"}],"curies":[{"name":"wp","href":"https:\/\/api.w.org\/{rel}","templated":true}]}}