{"id":194638,"date":"2025-06-09T09:28:28","date_gmt":"2025-06-09T07:28:28","guid":{"rendered":"https:\/\/www.laperlavalles.cat\/product\/maionesa-bama-946ml-5\/"},"modified":"2025-06-09T09:28:28","modified_gmt":"2025-06-09T07:28:28","slug":"maionesa-bama-946ml-5","status":"publish","type":"product","link":"https:\/\/www.laperlavalles.cat\/ca\/producte\/maionesa-bama-946ml-5\/","title":{"rendered":"MAIONESA BAMA 946ML"},"content":{"rendered":"<p>La maionesa Bama \u00e9s una marca de maionesa popular al sud dels Estats Units. S\u2019elabora amb oli de soja, ous, vinagre, sal i esp\u00e8cies. Bama \u00e9s coneguda pel seu sabor ric i crem\u00f3s, i s\u2019utilitza sovint en sandvitxos, amanides i altres plats.<\/p>\n","protected":false},"excerpt":{"rendered":"<p>La maionesa Bama \u00e9s una marca de maionesa popular al sud dels Estats Units. S\u2019elabora amb oli de soja, ous, vinagre, sal i esp\u00e8cies. Bama \u00e9s<span class=\"excerpt-hellip\"> [\u2026]<\/span><\/p>\n","protected":false},"featured_media":194634,"comment_status":"open","ping_status":"closed","template":"","meta":[],"product_cat":[36],"product_tag":[],"_links":{"self":[{"href":"https:\/\/www.laperlavalles.cat\/ca\/wp-json\/wp\/v2\/product\/194638"}],"collection":[{"href":"https:\/\/www.laperlavalles.cat\/ca\/wp-json\/wp\/v2\/product"}],"about":[{"href":"https:\/\/www.laperlavalles.cat\/ca\/wp-json\/wp\/v2\/types\/product"}],"replies":[{"embeddable":true,"href":"https:\/\/www.laperlavalles.cat\/ca\/wp-json\/wp\/v2\/comments?post=194638"}],"wp:featuredmedia":[{"embeddable":true,"href":"https:\/\/www.laperlavalles.cat\/ca\/wp-json\/wp\/v2\/media\/194634"}],"wp:attachment":[{"href":"https:\/\/www.laperlavalles.cat\/ca\/wp-json\/wp\/v2\/media?parent=194638"}],"wp:term":[{"taxonomy":"product_cat","embeddable":true,"href":"https:\/\/www.laperlavalles.cat\/ca\/wp-json\/wp\/v2\/product_cat?post=194638"},{"taxonomy":"product_tag","embeddable":true,"href":"https:\/\/www.laperlavalles.cat\/ca\/wp-json\/wp\/v2\/product_tag?post=194638"}],"curies":[{"name":"wp","href":"https:\/\/api.w.org\/{rel}","templated":true}]}}