{"id":194688,"date":"2025-06-09T09:32:54","date_gmt":"2025-06-09T07:32:54","guid":{"rendered":"https:\/\/www.laperlavalles.cat\/product\/oli-de-coco-verge-bamboo-tree-250ml-2\/"},"modified":"2025-06-09T09:32:54","modified_gmt":"2025-06-09T07:32:54","slug":"oli-de-coco-verge-bamboo-tree-250ml-2","status":"publish","type":"product","link":"https:\/\/www.laperlavalles.cat\/ca\/producte\/oli-de-coco-verge-bamboo-tree-250ml-2\/","title":{"rendered":"OLI DE COCO VERGE BAMBOO TREE 250ML"},"content":{"rendered":"<p>Oli de coco verge obtingut per premsat en fred de coco fresc, ric en \u00e0cid l\u00e0uric, antioxidants i vitamines. Hidrata la pell, protegeix el cabell, resisteix b\u00e9 la calor a la cuina i aporta greixos saludables.<\/p>\n","protected":false},"excerpt":{"rendered":"<p>Oli de coco verge obtingut per premsat en fred de coco fresc, ric en \u00e0cid l\u00e0uric, antioxidants i vitamines. Hidrata la pell, protegeix el cabell, resisteix<span class=\"excerpt-hellip\"> [\u2026]<\/span><\/p>\n","protected":false},"featured_media":194684,"comment_status":"open","ping_status":"closed","template":"","meta":[],"product_cat":[8411,8504],"product_tag":[],"_links":{"self":[{"href":"https:\/\/www.laperlavalles.cat\/ca\/wp-json\/wp\/v2\/product\/194688"}],"collection":[{"href":"https:\/\/www.laperlavalles.cat\/ca\/wp-json\/wp\/v2\/product"}],"about":[{"href":"https:\/\/www.laperlavalles.cat\/ca\/wp-json\/wp\/v2\/types\/product"}],"replies":[{"embeddable":true,"href":"https:\/\/www.laperlavalles.cat\/ca\/wp-json\/wp\/v2\/comments?post=194688"}],"wp:featuredmedia":[{"embeddable":true,"href":"https:\/\/www.laperlavalles.cat\/ca\/wp-json\/wp\/v2\/media\/194684"}],"wp:attachment":[{"href":"https:\/\/www.laperlavalles.cat\/ca\/wp-json\/wp\/v2\/media?parent=194688"}],"wp:term":[{"taxonomy":"product_cat","embeddable":true,"href":"https:\/\/www.laperlavalles.cat\/ca\/wp-json\/wp\/v2\/product_cat?post=194688"},{"taxonomy":"product_tag","embeddable":true,"href":"https:\/\/www.laperlavalles.cat\/ca\/wp-json\/wp\/v2\/product_tag?post=194688"}],"curies":[{"name":"wp","href":"https:\/\/api.w.org\/{rel}","templated":true}]}}