{"id":194768,"date":"2025-06-09T09:40:54","date_gmt":"2025-06-09T07:41:01","guid":{"rendered":"https:\/\/www.laperlavalles.cat\/product\/gingebre-per-a-sushi-yummyto-1kg-200-sobres-de-5g\/"},"modified":"2025-10-24T11:10:29","modified_gmt":"2025-10-24T09:10:29","slug":"gingebre-per-a-sushi-yummyto-1kg-200-sobres-de-5g","status":"publish","type":"product","link":"https:\/\/www.laperlavalles.cat\/ca\/producte\/gingebre-per-a-sushi-yummyto-1kg-200-sobres-de-5g\/","title":{"rendered":"GINGEBRE PER A SUSHI YUMMYTO 1KG (200 SOBRES DE 5G)"},"content":{"rendered":"<p>L\u00e0mines fines de gingebre marinat, amb un sabor suau, lleugerament dol\u00e7 i \u00e0cid, ideals per netejar el paladar entre peces de sushi o sashimi<\/p>\n","protected":false},"excerpt":{"rendered":"<p>L\u00e0mines fines de gingebre marinat, amb un sabor suau, lleugerament dol\u00e7 i \u00e0cid, ideals per netejar el paladar entre peces de sushi o sashimi<\/p>\n","protected":false},"featured_media":194760,"comment_status":"open","ping_status":"closed","template":"","meta":[],"product_cat":[10617],"product_tag":[],"_links":{"self":[{"href":"https:\/\/www.laperlavalles.cat\/ca\/wp-json\/wp\/v2\/product\/194768"}],"collection":[{"href":"https:\/\/www.laperlavalles.cat\/ca\/wp-json\/wp\/v2\/product"}],"about":[{"href":"https:\/\/www.laperlavalles.cat\/ca\/wp-json\/wp\/v2\/types\/product"}],"replies":[{"embeddable":true,"href":"https:\/\/www.laperlavalles.cat\/ca\/wp-json\/wp\/v2\/comments?post=194768"}],"wp:featuredmedia":[{"embeddable":true,"href":"https:\/\/www.laperlavalles.cat\/ca\/wp-json\/wp\/v2\/media\/194760"}],"wp:attachment":[{"href":"https:\/\/www.laperlavalles.cat\/ca\/wp-json\/wp\/v2\/media?parent=194768"}],"wp:term":[{"taxonomy":"product_cat","embeddable":true,"href":"https:\/\/www.laperlavalles.cat\/ca\/wp-json\/wp\/v2\/product_cat?post=194768"},{"taxonomy":"product_tag","embeddable":true,"href":"https:\/\/www.laperlavalles.cat\/ca\/wp-json\/wp\/v2\/product_tag?post=194768"}],"curies":[{"name":"wp","href":"https:\/\/api.w.org\/{rel}","templated":true}]}}