{"id":196488,"date":"2025-06-10T08:25:09","date_gmt":"2025-06-10T06:25:09","guid":{"rendered":"https:\/\/www.laperlavalles.cat\/product\/akpi-nayama-100g-4\/"},"modified":"2025-06-10T08:25:09","modified_gmt":"2025-06-10T06:25:09","slug":"akpi-nayama-100g-4","status":"publish","type":"product","link":"https:\/\/www.laperlavalles.cat\/ca\/producte\/akpi-nayama-100g-4\/","title":{"rendered":"AKPI NAYAMA 100G"},"content":{"rendered":"<p>Llavors d\u2019akpi seques, t\u00edpiques de l\u2019\u00c0frica Occidental, utilitzades com a esp\u00e8cia per espessir i aromatitzar salses, guisats i plats tradicionals. Aporten un sabor ric i caracter\u00edstic a la cuina africana.<\/p>\n","protected":false},"excerpt":{"rendered":"<p>Llavors d\u2019akpi seques, t\u00edpiques de l\u2019\u00c0frica Occidental, utilitzades com a esp\u00e8cia per espessir i aromatitzar salses, guisats i plats tradicionals. Aporten un sabor ric i caracter\u00edstic<span class=\"excerpt-hellip\"> [\u2026]<\/span><\/p>\n","protected":false},"featured_media":196484,"comment_status":"open","ping_status":"closed","template":"","meta":[],"product_cat":[8513],"product_tag":[],"_links":{"self":[{"href":"https:\/\/www.laperlavalles.cat\/ca\/wp-json\/wp\/v2\/product\/196488"}],"collection":[{"href":"https:\/\/www.laperlavalles.cat\/ca\/wp-json\/wp\/v2\/product"}],"about":[{"href":"https:\/\/www.laperlavalles.cat\/ca\/wp-json\/wp\/v2\/types\/product"}],"replies":[{"embeddable":true,"href":"https:\/\/www.laperlavalles.cat\/ca\/wp-json\/wp\/v2\/comments?post=196488"}],"wp:featuredmedia":[{"embeddable":true,"href":"https:\/\/www.laperlavalles.cat\/ca\/wp-json\/wp\/v2\/media\/196484"}],"wp:attachment":[{"href":"https:\/\/www.laperlavalles.cat\/ca\/wp-json\/wp\/v2\/media?parent=196488"}],"wp:term":[{"taxonomy":"product_cat","embeddable":true,"href":"https:\/\/www.laperlavalles.cat\/ca\/wp-json\/wp\/v2\/product_cat?post=196488"},{"taxonomy":"product_tag","embeddable":true,"href":"https:\/\/www.laperlavalles.cat\/ca\/wp-json\/wp\/v2\/product_tag?post=196488"}],"curies":[{"name":"wp","href":"https:\/\/api.w.org\/{rel}","templated":true}]}}