{"id":196568,"date":"2025-06-10T08:32:21","date_gmt":"2025-06-10T06:32:21","guid":{"rendered":"https:\/\/www.laperlavalles.cat\/product\/banku-mix-king-africa-4kg-2\/"},"modified":"2025-06-10T08:32:21","modified_gmt":"2025-06-10T06:32:21","slug":"banku-mix-king-africa-4kg-2","status":"publish","type":"product","link":"https:\/\/www.laperlavalles.cat\/ca\/producte\/banku-mix-king-africa-4kg-2\/","title":{"rendered":"BANKU MIX KING AFRICA 4KG"},"content":{"rendered":"<p>Mescla en pols per preparar banku, un plat tradicional de Ghana. Elaborada amb farina de blat de moro fermentada i farina de iuca, aquesta barreja permet obtenir la textura suau i el sabor caracter\u00edstic del banku. Nom\u00e9s cal afegir aigua i coure remenant fins aconseguir una massa homog\u00e8nia i el\u00e0stica, ideal per acompanyar sopes i guisats africans.<br \/>\nLa Perla distribueix productes alimentaris d\u00c0frica. Contacta amb nosaltres si tens una botiga i vols vendre productes africans.<\/p>\n","protected":false},"excerpt":{"rendered":"<p>Mescla en pols per preparar banku, un plat tradicional de Ghana. Elaborada amb farina de blat de moro fermentada i farina de iuca, aquesta barreja permet<span class=\"excerpt-hellip\"> [\u2026]<\/span><\/p>\n","protected":false},"featured_media":196564,"comment_status":"open","ping_status":"closed","template":"","meta":[],"product_cat":[8514,8418],"product_tag":[],"_links":{"self":[{"href":"https:\/\/www.laperlavalles.cat\/ca\/wp-json\/wp\/v2\/product\/196568"}],"collection":[{"href":"https:\/\/www.laperlavalles.cat\/ca\/wp-json\/wp\/v2\/product"}],"about":[{"href":"https:\/\/www.laperlavalles.cat\/ca\/wp-json\/wp\/v2\/types\/product"}],"replies":[{"embeddable":true,"href":"https:\/\/www.laperlavalles.cat\/ca\/wp-json\/wp\/v2\/comments?post=196568"}],"wp:featuredmedia":[{"embeddable":true,"href":"https:\/\/www.laperlavalles.cat\/ca\/wp-json\/wp\/v2\/media\/196564"}],"wp:attachment":[{"href":"https:\/\/www.laperlavalles.cat\/ca\/wp-json\/wp\/v2\/media?parent=196568"}],"wp:term":[{"taxonomy":"product_cat","embeddable":true,"href":"https:\/\/www.laperlavalles.cat\/ca\/wp-json\/wp\/v2\/product_cat?post=196568"},{"taxonomy":"product_tag","embeddable":true,"href":"https:\/\/www.laperlavalles.cat\/ca\/wp-json\/wp\/v2\/product_tag?post=196568"}],"curies":[{"name":"wp","href":"https:\/\/api.w.org\/{rel}","templated":true}]}}