{"id":196853,"date":"2025-06-10T08:52:45","date_gmt":"2025-06-10T06:52:52","guid":{"rendered":"https:\/\/www.laperlavalles.cat\/product\/te-iron-buddha-gold-kili\/"},"modified":"2025-06-10T14:05:10","modified_gmt":"2025-06-10T12:05:10","slug":"te-iron-buddha-gold-kili","status":"publish","type":"product","link":"https:\/\/www.laperlavalles.cat\/ca\/producte\/te-iron-buddha-gold-kili\/","title":{"rendered":"TE IRON BUDDHA GOLD KILI"},"content":{"rendered":"<p>Te oolong premium elaborat amb fulles de primera qualitat, conegut pel seu aroma terr\u00f3s, sabor suau i matisos florals. Presenta una infusi\u00f3 daurada i un gust rod\u00f3, lleugerament torrat. Ideal per relaxar-se o gaudir en qualsevol moment del dia<\/p>\n","protected":false},"excerpt":{"rendered":"<p>Te oolong premium elaborat amb fulles de primera qualitat, conegut pel seu aroma terr\u00f3s, sabor suau i matisos florals. Presenta una infusi\u00f3 daurada i un gust<span class=\"excerpt-hellip\"> [\u2026]<\/span><\/p>\n","protected":false},"featured_media":196845,"comment_status":"open","ping_status":"closed","template":"","meta":[],"product_cat":[8406,8525],"product_tag":[],"_links":{"self":[{"href":"https:\/\/www.laperlavalles.cat\/ca\/wp-json\/wp\/v2\/product\/196853"}],"collection":[{"href":"https:\/\/www.laperlavalles.cat\/ca\/wp-json\/wp\/v2\/product"}],"about":[{"href":"https:\/\/www.laperlavalles.cat\/ca\/wp-json\/wp\/v2\/types\/product"}],"replies":[{"embeddable":true,"href":"https:\/\/www.laperlavalles.cat\/ca\/wp-json\/wp\/v2\/comments?post=196853"}],"wp:featuredmedia":[{"embeddable":true,"href":"https:\/\/www.laperlavalles.cat\/ca\/wp-json\/wp\/v2\/media\/196845"}],"wp:attachment":[{"href":"https:\/\/www.laperlavalles.cat\/ca\/wp-json\/wp\/v2\/media?parent=196853"}],"wp:term":[{"taxonomy":"product_cat","embeddable":true,"href":"https:\/\/www.laperlavalles.cat\/ca\/wp-json\/wp\/v2\/product_cat?post=196853"},{"taxonomy":"product_tag","embeddable":true,"href":"https:\/\/www.laperlavalles.cat\/ca\/wp-json\/wp\/v2\/product_tag?post=196853"}],"curies":[{"name":"wp","href":"https:\/\/api.w.org\/{rel}","templated":true}]}}