{"id":196913,"date":"2025-06-10T08:58:41","date_gmt":"2025-06-10T06:58:49","guid":{"rendered":"https:\/\/www.laperlavalles.cat\/product\/camille-rose-sweet-ginger-rose-cleansing-rinse-12oz\/"},"modified":"2025-06-10T14:17:37","modified_gmt":"2025-06-10T12:17:37","slug":"camille-rose-sweet-ginger-rose-cleansing-rinse-12oz","status":"publish","type":"product","link":"https:\/\/www.laperlavalles.cat\/ca\/producte\/camille-rose-sweet-ginger-rose-cleansing-rinse-12oz\/","title":{"rendered":"CAMILLE ROSE SWEET GINGER ROSE CLEANSING RINSE 12OZ"},"content":{"rendered":"<p>Netejador suau per als cabells amb aroma de gingebre dol\u00e7 i pell de llimona. Formulat amb arrel de gingebre, oli d\u2019an\u00eds i oli de ric\u00ed, neteja en profunditat sense ressecar ni eliminar la hidrataci\u00f3 natural. Genera una escuma rica i deixa el cabell suau, manejable i brillant. Apte per a tot tipus de cabell, especialment per a cabells arrissats i textures naturals<\/p>\n","protected":false},"excerpt":{"rendered":"<p>Netejador suau per als cabells amb aroma de gingebre dol\u00e7 i pell de llimona. Formulat amb arrel de gingebre, oli d\u2019an\u00eds i oli de ric\u00ed, neteja<span class=\"excerpt-hellip\"> [\u2026]<\/span><\/p>\n","protected":false},"featured_media":196905,"comment_status":"open","ping_status":"closed","template":"","meta":[],"product_cat":[8423,24329],"product_tag":[],"_links":{"self":[{"href":"https:\/\/www.laperlavalles.cat\/ca\/wp-json\/wp\/v2\/product\/196913"}],"collection":[{"href":"https:\/\/www.laperlavalles.cat\/ca\/wp-json\/wp\/v2\/product"}],"about":[{"href":"https:\/\/www.laperlavalles.cat\/ca\/wp-json\/wp\/v2\/types\/product"}],"replies":[{"embeddable":true,"href":"https:\/\/www.laperlavalles.cat\/ca\/wp-json\/wp\/v2\/comments?post=196913"}],"wp:featuredmedia":[{"embeddable":true,"href":"https:\/\/www.laperlavalles.cat\/ca\/wp-json\/wp\/v2\/media\/196905"}],"wp:attachment":[{"href":"https:\/\/www.laperlavalles.cat\/ca\/wp-json\/wp\/v2\/media?parent=196913"}],"wp:term":[{"taxonomy":"product_cat","embeddable":true,"href":"https:\/\/www.laperlavalles.cat\/ca\/wp-json\/wp\/v2\/product_cat?post=196913"},{"taxonomy":"product_tag","embeddable":true,"href":"https:\/\/www.laperlavalles.cat\/ca\/wp-json\/wp\/v2\/product_tag?post=196913"}],"curies":[{"name":"wp","href":"https:\/\/api.w.org\/{rel}","templated":true}]}}