{"id":196953,"date":"2025-06-10T09:00:51","date_gmt":"2025-06-10T07:00:59","guid":{"rendered":"https:\/\/www.laperlavalles.cat\/product\/camille-rose-almond-jai-twisting-butter-8oz\/"},"modified":"2025-06-10T14:20:16","modified_gmt":"2025-06-10T12:20:16","slug":"camille-rose-almond-jai-twisting-butter-8oz","status":"publish","type":"product","link":"https:\/\/www.laperlavalles.cat\/ca\/producte\/camille-rose-almond-jai-twisting-butter-8oz\/","title":{"rendered":"CAMILLE ROSE ALMOND JAI TWISTING BUTTER 8OZ"},"content":{"rendered":"<p>Mantega de pentinat nutritiva i suavitzant per a cabells arrissats, ondulats o afro. Formulada amb llet d\u2019ametlla, mel, \u00e0loe vera i una barreja d\u2019olis vegetals (carabassa, macad\u00e0mia, oliva, s\u00e8sam, jojoba, ric\u00ed, arr\u00f2s i c\u00e0nem), defineix, nodreix i ajuda a allargar el patr\u00f3 natural dels r\u00ednxols. Mant\u00e9 la hidrataci\u00f3, estimula el creixement i repara les puntes obertes. Es pot aplicar sobre cabell humit o sec, com a mantega de pentinat o com a condicionador sense esbandida per a cabells gruixuts.<\/p>\n","protected":false},"excerpt":{"rendered":"<p>Mantega de pentinat nutritiva i suavitzant per a cabells arrissats, ondulats o afro. Formulada amb llet d\u2019ametlla, mel, \u00e0loe vera i una barreja d\u2019olis vegetals (carabassa,<span class=\"excerpt-hellip\"> [\u2026]<\/span><\/p>\n","protected":false},"featured_media":196945,"comment_status":"open","ping_status":"closed","template":"","meta":[],"product_cat":[8423,24329],"product_tag":[],"_links":{"self":[{"href":"https:\/\/www.laperlavalles.cat\/ca\/wp-json\/wp\/v2\/product\/196953"}],"collection":[{"href":"https:\/\/www.laperlavalles.cat\/ca\/wp-json\/wp\/v2\/product"}],"about":[{"href":"https:\/\/www.laperlavalles.cat\/ca\/wp-json\/wp\/v2\/types\/product"}],"replies":[{"embeddable":true,"href":"https:\/\/www.laperlavalles.cat\/ca\/wp-json\/wp\/v2\/comments?post=196953"}],"wp:featuredmedia":[{"embeddable":true,"href":"https:\/\/www.laperlavalles.cat\/ca\/wp-json\/wp\/v2\/media\/196945"}],"wp:attachment":[{"href":"https:\/\/www.laperlavalles.cat\/ca\/wp-json\/wp\/v2\/media?parent=196953"}],"wp:term":[{"taxonomy":"product_cat","embeddable":true,"href":"https:\/\/www.laperlavalles.cat\/ca\/wp-json\/wp\/v2\/product_cat?post=196953"},{"taxonomy":"product_tag","embeddable":true,"href":"https:\/\/www.laperlavalles.cat\/ca\/wp-json\/wp\/v2\/product_tag?post=196953"}],"curies":[{"name":"wp","href":"https:\/\/api.w.org\/{rel}","templated":true}]}}