{"id":197013,"date":"2025-06-10T09:04:52","date_gmt":"2025-06-10T07:04:59","guid":{"rendered":"https:\/\/www.laperlavalles.cat\/product\/camille-rose-fresh-curl-revitalizing-hair-smoother-8oz\/"},"modified":"2025-06-10T14:24:32","modified_gmt":"2025-06-10T12:24:32","slug":"camille-rose-fresh-curl-revitalizing-hair-smoother-8oz","status":"publish","type":"product","link":"https:\/\/www.laperlavalles.cat\/ca\/producte\/camille-rose-fresh-curl-revitalizing-hair-smoother-8oz\/","title":{"rendered":"CAMILLE ROSE FRESH CURL REVITALIZING HAIR SMOOTHER 8OZ"},"content":{"rendered":"<p>Lleugera crema-gel hidratant i desenredant per a cabells arrissats, ondulats o afro. Formulada amb oli d\u2019alvocat, oli de ric\u00ed i extracte de pr\u00e9ssec-guaiaba, hidrata, suavitza i revitalitza els r\u00ednxols apagats. Ajuda a definir, controlar l\u2019encrespament i aporta brillantor sense endurir ni saturar el cabell. Ideal per utilitzar com a leave-in diari o per refrescar i desenredar entre rentats. Frag\u00e0ncia fresca i afruitada<\/p>\n","protected":false},"excerpt":{"rendered":"<p>Lleugera crema-gel hidratant i desenredant per a cabells arrissats, ondulats o afro. Formulada amb oli d\u2019alvocat, oli de ric\u00ed i extracte de pr\u00e9ssec-guaiaba, hidrata, suavitza i<span class=\"excerpt-hellip\"> [\u2026]<\/span><\/p>\n","protected":false},"featured_media":197005,"comment_status":"open","ping_status":"closed","template":"","meta":[],"product_cat":[8423,24329],"product_tag":[],"_links":{"self":[{"href":"https:\/\/www.laperlavalles.cat\/ca\/wp-json\/wp\/v2\/product\/197013"}],"collection":[{"href":"https:\/\/www.laperlavalles.cat\/ca\/wp-json\/wp\/v2\/product"}],"about":[{"href":"https:\/\/www.laperlavalles.cat\/ca\/wp-json\/wp\/v2\/types\/product"}],"replies":[{"embeddable":true,"href":"https:\/\/www.laperlavalles.cat\/ca\/wp-json\/wp\/v2\/comments?post=197013"}],"wp:featuredmedia":[{"embeddable":true,"href":"https:\/\/www.laperlavalles.cat\/ca\/wp-json\/wp\/v2\/media\/197005"}],"wp:attachment":[{"href":"https:\/\/www.laperlavalles.cat\/ca\/wp-json\/wp\/v2\/media?parent=197013"}],"wp:term":[{"taxonomy":"product_cat","embeddable":true,"href":"https:\/\/www.laperlavalles.cat\/ca\/wp-json\/wp\/v2\/product_cat?post=197013"},{"taxonomy":"product_tag","embeddable":true,"href":"https:\/\/www.laperlavalles.cat\/ca\/wp-json\/wp\/v2\/product_tag?post=197013"}],"curies":[{"name":"wp","href":"https:\/\/api.w.org\/{rel}","templated":true}]}}