{"id":197233,"date":"2025-06-10T09:20:27","date_gmt":"2025-06-10T07:20:34","guid":{"rendered":"https:\/\/www.laperlavalles.cat\/product\/aunt-jackies-elixir-palmetto-jbco-grapessed-oil-59ml\/"},"modified":"2025-09-22T15:06:18","modified_gmt":"2025-09-22T13:06:18","slug":"aunt-jackies-elixir-palmetto-jbco-grapessed-oil-59ml","status":"publish","type":"product","link":"https:\/\/www.laperlavalles.cat\/ca\/producte\/aunt-jackies-elixir-palmetto-jbco-grapessed-oil-59ml\/","title":{"rendered":"AUNT JACKIE&#8217;S ELIXIR PALMETTO, JBCO &amp; GRAPESSED OIL 59ML"},"content":{"rendered":"<p>Elixir d\u2019olis naturals per a cabell i cuir cabellut, enriquit amb serenoa repens (palmito enana), oli de ric\u00ed negre de Jamaica i oli de llavor de ra\u00efm. Ajuda a retenir la longitud, nodrir i espessir els cabells, i segellar la hidrataci\u00f3 per millorar la salut capil\u00b7lar. Proporciona una sensaci\u00f3 refrescant i calma el cuir cabellut. Apte per a tot tipus de cabell i \u00fas diari, especialment per refor\u00e7ar, aportar brillantor i reduir la caiguda o l\u2019aprimament<\/p>\n","protected":false},"excerpt":{"rendered":"<p>Elixir d\u2019olis naturals per a cabell i cuir cabellut, enriquit amb serenoa repens (palmito enana), oli de ric\u00ed negre de Jamaica i oli de llavor de<span class=\"excerpt-hellip\"> [\u2026]<\/span><\/p>\n","protected":false},"featured_media":197225,"comment_status":"open","ping_status":"closed","template":"","meta":[],"product_cat":[8423,24329],"product_tag":[],"_links":{"self":[{"href":"https:\/\/www.laperlavalles.cat\/ca\/wp-json\/wp\/v2\/product\/197233"}],"collection":[{"href":"https:\/\/www.laperlavalles.cat\/ca\/wp-json\/wp\/v2\/product"}],"about":[{"href":"https:\/\/www.laperlavalles.cat\/ca\/wp-json\/wp\/v2\/types\/product"}],"replies":[{"embeddable":true,"href":"https:\/\/www.laperlavalles.cat\/ca\/wp-json\/wp\/v2\/comments?post=197233"}],"wp:featuredmedia":[{"embeddable":true,"href":"https:\/\/www.laperlavalles.cat\/ca\/wp-json\/wp\/v2\/media\/197225"}],"wp:attachment":[{"href":"https:\/\/www.laperlavalles.cat\/ca\/wp-json\/wp\/v2\/media?parent=197233"}],"wp:term":[{"taxonomy":"product_cat","embeddable":true,"href":"https:\/\/www.laperlavalles.cat\/ca\/wp-json\/wp\/v2\/product_cat?post=197233"},{"taxonomy":"product_tag","embeddable":true,"href":"https:\/\/www.laperlavalles.cat\/ca\/wp-json\/wp\/v2\/product_tag?post=197233"}],"curies":[{"name":"wp","href":"https:\/\/api.w.org\/{rel}","templated":true}]}}