{"id":197303,"date":"2025-06-10T09:44:13","date_gmt":"2025-06-10T07:44:13","guid":{"rendered":"https:\/\/www.laperlavalles.cat\/product\/caldo-calnort-peix-1kg-3\/"},"modified":"2025-06-10T09:44:13","modified_gmt":"2025-06-10T07:44:13","slug":"caldo-calnort-peix-1kg-3","status":"publish","type":"product","link":"https:\/\/www.laperlavalles.cat\/ca\/producte\/caldo-calnort-peix-1kg-3\/","title":{"rendered":"CALDO CALNORT PEIX 1KG"},"content":{"rendered":"<p>Caldo de peix en pols, ideal per enriquir arrossos, sopes, fideu\u00e0s i guisats de peix o marisc. R\u00e0pid i f\u00e0cil de dissoldre, aporta un sabor intens i natural a peix. Format professional de 1 kg, sense gluten i certificat halal. Rendiment aproximat: 50 litres per quilo.<\/p>\n","protected":false},"excerpt":{"rendered":"<p>Caldo de peix en pols, ideal per enriquir arrossos, sopes, fideu\u00e0s i guisats de peix o marisc. R\u00e0pid i f\u00e0cil de dissoldre, aporta un sabor intens<span class=\"excerpt-hellip\"> [\u2026]<\/span><\/p>\n","protected":false},"featured_media":197299,"comment_status":"open","ping_status":"closed","template":"","meta":[],"product_cat":[36],"product_tag":[],"_links":{"self":[{"href":"https:\/\/www.laperlavalles.cat\/ca\/wp-json\/wp\/v2\/product\/197303"}],"collection":[{"href":"https:\/\/www.laperlavalles.cat\/ca\/wp-json\/wp\/v2\/product"}],"about":[{"href":"https:\/\/www.laperlavalles.cat\/ca\/wp-json\/wp\/v2\/types\/product"}],"replies":[{"embeddable":true,"href":"https:\/\/www.laperlavalles.cat\/ca\/wp-json\/wp\/v2\/comments?post=197303"}],"wp:featuredmedia":[{"embeddable":true,"href":"https:\/\/www.laperlavalles.cat\/ca\/wp-json\/wp\/v2\/media\/197299"}],"wp:attachment":[{"href":"https:\/\/www.laperlavalles.cat\/ca\/wp-json\/wp\/v2\/media?parent=197303"}],"wp:term":[{"taxonomy":"product_cat","embeddable":true,"href":"https:\/\/www.laperlavalles.cat\/ca\/wp-json\/wp\/v2\/product_cat?post=197303"},{"taxonomy":"product_tag","embeddable":true,"href":"https:\/\/www.laperlavalles.cat\/ca\/wp-json\/wp\/v2\/product_tag?post=197303"}],"curies":[{"name":"wp","href":"https:\/\/api.w.org\/{rel}","templated":true}]}}