{"id":197868,"date":"2025-06-10T10:39:38","date_gmt":"2025-06-10T08:39:38","guid":{"rendered":"https:\/\/www.laperlavalles.cat\/product\/caldo-calnort-carn-250g-5\/"},"modified":"2025-06-10T10:39:38","modified_gmt":"2025-06-10T08:39:38","slug":"caldo-calnort-carn-250g-5","status":"publish","type":"product","link":"https:\/\/www.laperlavalles.cat\/ca\/producte\/caldo-calnort-carn-250g-5\/","title":{"rendered":"CALDO CALNORT CARN 250G"},"content":{"rendered":"<p>Caldo de carn en pols, ideal per enriquir sopes, arrossos, guisats i salses amb un sabor intens i aut\u00e8ntic de carn. Es dissol f\u00e0cilment i \u00e9s apte per a cel\u00edacs (sense gluten) i certificat halal. Format pr\u00e0ctic de 250 g, amb rendiment per a uns 12,5 litres (20 g per litre).<\/p>\n","protected":false},"excerpt":{"rendered":"<p>Caldo de carn en pols, ideal per enriquir sopes, arrossos, guisats i salses amb un sabor intens i aut\u00e8ntic de carn. Es dissol f\u00e0cilment i \u00e9s<span class=\"excerpt-hellip\"> [\u2026]<\/span><\/p>\n","protected":false},"featured_media":197864,"comment_status":"open","ping_status":"closed","template":"","meta":[],"product_cat":[36],"product_tag":[],"_links":{"self":[{"href":"https:\/\/www.laperlavalles.cat\/ca\/wp-json\/wp\/v2\/product\/197868"}],"collection":[{"href":"https:\/\/www.laperlavalles.cat\/ca\/wp-json\/wp\/v2\/product"}],"about":[{"href":"https:\/\/www.laperlavalles.cat\/ca\/wp-json\/wp\/v2\/types\/product"}],"replies":[{"embeddable":true,"href":"https:\/\/www.laperlavalles.cat\/ca\/wp-json\/wp\/v2\/comments?post=197868"}],"wp:featuredmedia":[{"embeddable":true,"href":"https:\/\/www.laperlavalles.cat\/ca\/wp-json\/wp\/v2\/media\/197864"}],"wp:attachment":[{"href":"https:\/\/www.laperlavalles.cat\/ca\/wp-json\/wp\/v2\/media?parent=197868"}],"wp:term":[{"taxonomy":"product_cat","embeddable":true,"href":"https:\/\/www.laperlavalles.cat\/ca\/wp-json\/wp\/v2\/product_cat?post=197868"},{"taxonomy":"product_tag","embeddable":true,"href":"https:\/\/www.laperlavalles.cat\/ca\/wp-json\/wp\/v2\/product_tag?post=197868"}],"curies":[{"name":"wp","href":"https:\/\/api.w.org\/{rel}","templated":true}]}}