{"id":198058,"date":"2025-06-10T10:58:33","date_gmt":"2025-06-10T08:58:33","guid":{"rendered":"https:\/\/www.laperlavalles.cat\/product\/caldo-calnort-36-pastilles-carn-7\/"},"modified":"2025-06-10T10:58:33","modified_gmt":"2025-06-10T08:58:33","slug":"caldo-calnort-36-pastilles-carn-7","status":"publish","type":"product","link":"https:\/\/www.laperlavalles.cat\/ca\/producte\/caldo-calnort-36-pastilles-carn-7\/","title":{"rendered":"CALDO CALNORT 36 PASTILLES CARN"},"content":{"rendered":"<p>Estoig de 36 pastilles de caldo de carn Calnort, sense gluten i certificat halal. Ideal per enriquir sopes, arrossos, guisats i salses amb un sabor intens i aut\u00e8ntic de carn. Es dissolen f\u00e0cilment i s\u00f3n pr\u00e0ctiques per a \u00fas diari a la cuina dom\u00e8stica o professional.<\/p>\n","protected":false},"excerpt":{"rendered":"<p>Estoig de 36 pastilles de caldo de carn Calnort, sense gluten i certificat halal. Ideal per enriquir sopes, arrossos, guisats i salses amb un sabor intens<span class=\"excerpt-hellip\"> [\u2026]<\/span><\/p>\n","protected":false},"featured_media":198054,"comment_status":"open","ping_status":"closed","template":"","meta":[],"product_cat":[36],"product_tag":[],"_links":{"self":[{"href":"https:\/\/www.laperlavalles.cat\/ca\/wp-json\/wp\/v2\/product\/198058"}],"collection":[{"href":"https:\/\/www.laperlavalles.cat\/ca\/wp-json\/wp\/v2\/product"}],"about":[{"href":"https:\/\/www.laperlavalles.cat\/ca\/wp-json\/wp\/v2\/types\/product"}],"replies":[{"embeddable":true,"href":"https:\/\/www.laperlavalles.cat\/ca\/wp-json\/wp\/v2\/comments?post=198058"}],"wp:featuredmedia":[{"embeddable":true,"href":"https:\/\/www.laperlavalles.cat\/ca\/wp-json\/wp\/v2\/media\/198054"}],"wp:attachment":[{"href":"https:\/\/www.laperlavalles.cat\/ca\/wp-json\/wp\/v2\/media?parent=198058"}],"wp:term":[{"taxonomy":"product_cat","embeddable":true,"href":"https:\/\/www.laperlavalles.cat\/ca\/wp-json\/wp\/v2\/product_cat?post=198058"},{"taxonomy":"product_tag","embeddable":true,"href":"https:\/\/www.laperlavalles.cat\/ca\/wp-json\/wp\/v2\/product_tag?post=198058"}],"curies":[{"name":"wp","href":"https:\/\/api.w.org\/{rel}","templated":true}]}}