{"id":198098,"date":"2025-06-10T11:01:05","date_gmt":"2025-06-10T09:01:05","guid":{"rendered":"https:\/\/www.laperlavalles.cat\/product\/caldo-calnort-36-pastilles-gamba-2\/"},"modified":"2025-06-10T11:01:05","modified_gmt":"2025-06-10T09:01:05","slug":"caldo-calnort-36-pastilles-gamba-2","status":"publish","type":"product","link":"https:\/\/www.laperlavalles.cat\/ca\/producte\/caldo-calnort-36-pastilles-gamba-2\/","title":{"rendered":"CALDO CALNORT 36 PASTILLES GAMBA"},"content":{"rendered":"<p>Estoig de 36 pastilles de caldo de gamba Calnort (aprox. 360g), sense gluten i certificat halal. Ideal per enriquir sopes, arrossos, fideu\u00e0s i guisats de peix o marisc amb un sabor intens i aut\u00e8ntic de gamba. Es dissolen f\u00e0cilment i s\u00f3n pr\u00e0ctiques per a \u00fas diari a la cuina dom\u00e8stica o professional<\/p>\n","protected":false},"excerpt":{"rendered":"<p>Estoig de 36 pastilles de caldo de gamba Calnort (aprox. 360g), sense gluten i certificat halal. Ideal per enriquir sopes, arrossos, fideu\u00e0s i guisats de peix<span class=\"excerpt-hellip\"> [\u2026]<\/span><\/p>\n","protected":false},"featured_media":198094,"comment_status":"open","ping_status":"closed","template":"","meta":[],"product_cat":[36],"product_tag":[],"_links":{"self":[{"href":"https:\/\/www.laperlavalles.cat\/ca\/wp-json\/wp\/v2\/product\/198098"}],"collection":[{"href":"https:\/\/www.laperlavalles.cat\/ca\/wp-json\/wp\/v2\/product"}],"about":[{"href":"https:\/\/www.laperlavalles.cat\/ca\/wp-json\/wp\/v2\/types\/product"}],"replies":[{"embeddable":true,"href":"https:\/\/www.laperlavalles.cat\/ca\/wp-json\/wp\/v2\/comments?post=198098"}],"wp:featuredmedia":[{"embeddable":true,"href":"https:\/\/www.laperlavalles.cat\/ca\/wp-json\/wp\/v2\/media\/198094"}],"wp:attachment":[{"href":"https:\/\/www.laperlavalles.cat\/ca\/wp-json\/wp\/v2\/media?parent=198098"}],"wp:term":[{"taxonomy":"product_cat","embeddable":true,"href":"https:\/\/www.laperlavalles.cat\/ca\/wp-json\/wp\/v2\/product_cat?post=198098"},{"taxonomy":"product_tag","embeddable":true,"href":"https:\/\/www.laperlavalles.cat\/ca\/wp-json\/wp\/v2\/product_tag?post=198098"}],"curies":[{"name":"wp","href":"https:\/\/api.w.org\/{rel}","templated":true}]}}