{"id":198233,"date":"2025-06-10T11:10:51","date_gmt":"2025-06-10T09:10:59","guid":{"rendered":"https:\/\/www.laperlavalles.cat\/product\/caldo-calnort-36-pastilles-xai\/"},"modified":"2025-06-10T13:40:57","modified_gmt":"2025-06-10T11:40:57","slug":"caldo-calnort-36-pastilles-xai","status":"publish","type":"product","link":"https:\/\/www.laperlavalles.cat\/ca\/producte\/caldo-calnort-36-pastilles-xai\/","title":{"rendered":"CALDO CALNORT 36 PASTILLES XAI"},"content":{"rendered":"<p>Estoig de 36 pastilles de caldo de xai Calnort, sense gluten i certificat halal. Ideal per enriquir guisats, arrossos, sopes i plats de carn amb un sabor intens i aut\u00e8ntic de xai. Cada pastilla pesa 10 g i es dissol f\u00e0cilment, sent pr\u00e0ctica per a \u00fas dom\u00e8stic o professional.<\/p>\n","protected":false},"excerpt":{"rendered":"<p>Estoig de 36 pastilles de caldo de xai Calnort, sense gluten i certificat halal. Ideal per enriquir guisats, arrossos, sopes i plats de carn amb un<span class=\"excerpt-hellip\"> [\u2026]<\/span><\/p>\n","protected":false},"featured_media":198225,"comment_status":"open","ping_status":"closed","template":"","meta":[],"product_cat":[10617],"product_tag":[],"_links":{"self":[{"href":"https:\/\/www.laperlavalles.cat\/ca\/wp-json\/wp\/v2\/product\/198233"}],"collection":[{"href":"https:\/\/www.laperlavalles.cat\/ca\/wp-json\/wp\/v2\/product"}],"about":[{"href":"https:\/\/www.laperlavalles.cat\/ca\/wp-json\/wp\/v2\/types\/product"}],"replies":[{"embeddable":true,"href":"https:\/\/www.laperlavalles.cat\/ca\/wp-json\/wp\/v2\/comments?post=198233"}],"wp:featuredmedia":[{"embeddable":true,"href":"https:\/\/www.laperlavalles.cat\/ca\/wp-json\/wp\/v2\/media\/198225"}],"wp:attachment":[{"href":"https:\/\/www.laperlavalles.cat\/ca\/wp-json\/wp\/v2\/media?parent=198233"}],"wp:term":[{"taxonomy":"product_cat","embeddable":true,"href":"https:\/\/www.laperlavalles.cat\/ca\/wp-json\/wp\/v2\/product_cat?post=198233"},{"taxonomy":"product_tag","embeddable":true,"href":"https:\/\/www.laperlavalles.cat\/ca\/wp-json\/wp\/v2\/product_tag?post=198233"}],"curies":[{"name":"wp","href":"https:\/\/api.w.org\/{rel}","templated":true}]}}