{"id":198323,"date":"2025-06-10T11:17:22","date_gmt":"2025-06-10T09:17:22","guid":{"rendered":"https:\/\/www.laperlavalles.cat\/product\/caldo-calnort-36-pastilles-xai-7\/"},"modified":"2025-06-10T11:17:22","modified_gmt":"2025-06-10T09:17:22","slug":"caldo-calnort-36-pastilles-xai-7","status":"publish","type":"product","link":"https:\/\/www.laperlavalles.cat\/ca\/producte\/caldo-calnort-36-pastilles-xai-7\/","title":{"rendered":"CALDO CALNORT 36 PASTILLES XAI"},"content":{"rendered":"<p>Estoig de 36 pastilles de caldo de xai Calnort, sense gluten i certificat halal. Ideal per enriquir guisats, arrossos, sopes i plats de carn amb un sabor intens i aut\u00e8ntic de xai. Cada pastilla pesa 10 g i es dissol f\u00e0cilment, sent pr\u00e0ctica per a \u00fas dom\u00e8stic o professional.<\/p>\n","protected":false},"excerpt":{"rendered":"<p>Estoig de 36 pastilles de caldo de xai Calnort, sense gluten i certificat halal. Ideal per enriquir guisats, arrossos, sopes i plats de carn amb un<span class=\"excerpt-hellip\"> [\u2026]<\/span><\/p>\n","protected":false},"featured_media":198319,"comment_status":"open","ping_status":"closed","template":"","meta":[],"product_cat":[36],"product_tag":[],"_links":{"self":[{"href":"https:\/\/www.laperlavalles.cat\/ca\/wp-json\/wp\/v2\/product\/198323"}],"collection":[{"href":"https:\/\/www.laperlavalles.cat\/ca\/wp-json\/wp\/v2\/product"}],"about":[{"href":"https:\/\/www.laperlavalles.cat\/ca\/wp-json\/wp\/v2\/types\/product"}],"replies":[{"embeddable":true,"href":"https:\/\/www.laperlavalles.cat\/ca\/wp-json\/wp\/v2\/comments?post=198323"}],"wp:featuredmedia":[{"embeddable":true,"href":"https:\/\/www.laperlavalles.cat\/ca\/wp-json\/wp\/v2\/media\/198319"}],"wp:attachment":[{"href":"https:\/\/www.laperlavalles.cat\/ca\/wp-json\/wp\/v2\/media?parent=198323"}],"wp:term":[{"taxonomy":"product_cat","embeddable":true,"href":"https:\/\/www.laperlavalles.cat\/ca\/wp-json\/wp\/v2\/product_cat?post=198323"},{"taxonomy":"product_tag","embeddable":true,"href":"https:\/\/www.laperlavalles.cat\/ca\/wp-json\/wp\/v2\/product_tag?post=198323"}],"curies":[{"name":"wp","href":"https:\/\/api.w.org\/{rel}","templated":true}]}}