{"id":198387,"date":"2025-06-10T11:21:10","date_gmt":"2025-06-10T09:21:10","guid":{"rendered":"https:\/\/www.laperlavalles.cat\/product\/caldo-calnort-36-pastilles-pollo-2\/"},"modified":"2025-06-10T11:21:10","modified_gmt":"2025-06-10T09:21:10","slug":"caldo-calnort-36-pastilles-pollo-2","status":"publish","type":"product","link":"https:\/\/www.laperlavalles.cat\/ca\/producte\/caldo-calnort-36-pastilles-pollo-2\/","title":{"rendered":"CALDO CALNORT 36 PASTILLES POLLO"},"content":{"rendered":"<p>Estoig de 36 pastilles de caldo de pollastre Calnort, sense gluten i certificat halal. Cada pastilla pesa 10 g i es dissol f\u00e0cilment, aportant un sabor intens i aut\u00e8ntic de pollastre a sopes, arrossos, guisats i salses. Format pr\u00e0ctic per a \u00fas dom\u00e8stic o professional.<\/p>\n","protected":false},"excerpt":{"rendered":"<p>Estoig de 36 pastilles de caldo de pollastre Calnort, sense gluten i certificat halal. Cada pastilla pesa 10 g i es dissol f\u00e0cilment, aportant un sabor<span class=\"excerpt-hellip\"> [\u2026]<\/span><\/p>\n","protected":false},"featured_media":198379,"comment_status":"open","ping_status":"closed","template":"","meta":[],"product_cat":[36],"product_tag":[],"_links":{"self":[{"href":"https:\/\/www.laperlavalles.cat\/ca\/wp-json\/wp\/v2\/product\/198387"}],"collection":[{"href":"https:\/\/www.laperlavalles.cat\/ca\/wp-json\/wp\/v2\/product"}],"about":[{"href":"https:\/\/www.laperlavalles.cat\/ca\/wp-json\/wp\/v2\/types\/product"}],"replies":[{"embeddable":true,"href":"https:\/\/www.laperlavalles.cat\/ca\/wp-json\/wp\/v2\/comments?post=198387"}],"wp:featuredmedia":[{"embeddable":true,"href":"https:\/\/www.laperlavalles.cat\/ca\/wp-json\/wp\/v2\/media\/198379"}],"wp:attachment":[{"href":"https:\/\/www.laperlavalles.cat\/ca\/wp-json\/wp\/v2\/media?parent=198387"}],"wp:term":[{"taxonomy":"product_cat","embeddable":true,"href":"https:\/\/www.laperlavalles.cat\/ca\/wp-json\/wp\/v2\/product_cat?post=198387"},{"taxonomy":"product_tag","embeddable":true,"href":"https:\/\/www.laperlavalles.cat\/ca\/wp-json\/wp\/v2\/product_tag?post=198387"}],"curies":[{"name":"wp","href":"https:\/\/api.w.org\/{rel}","templated":true}]}}