{"id":198428,"date":"2025-06-10T11:24:47","date_gmt":"2025-06-10T09:24:47","guid":{"rendered":"https:\/\/www.laperlavalles.cat\/product\/caldo-calnort-36-pastilles-pollo-5\/"},"modified":"2025-06-10T11:24:47","modified_gmt":"2025-06-10T09:24:47","slug":"caldo-calnort-36-pastilles-pollo-5","status":"publish","type":"product","link":"https:\/\/www.laperlavalles.cat\/ca\/producte\/caldo-calnort-36-pastilles-pollo-5\/","title":{"rendered":"CALDO CALNORT 36 PASTILLES POLLO"},"content":{"rendered":"<p>Estoig de 36 pastilles de caldo de pollastre Calnort, sense gluten i certificat halal. Cada pastilla pesa 10 g i es dissol f\u00e0cilment, aportant un sabor intens i aut\u00e8ntic de pollastre a sopes, arrossos, guisats i salses. Format pr\u00e0ctic per a \u00fas dom\u00e8stic o professional.<\/p>\n","protected":false},"excerpt":{"rendered":"<p>Estoig de 36 pastilles de caldo de pollastre Calnort, sense gluten i certificat halal. Cada pastilla pesa 10 g i es dissol f\u00e0cilment, aportant un sabor<span class=\"excerpt-hellip\"> [\u2026]<\/span><\/p>\n","protected":false},"featured_media":198424,"comment_status":"open","ping_status":"closed","template":"","meta":[],"product_cat":[36],"product_tag":[],"_links":{"self":[{"href":"https:\/\/www.laperlavalles.cat\/ca\/wp-json\/wp\/v2\/product\/198428"}],"collection":[{"href":"https:\/\/www.laperlavalles.cat\/ca\/wp-json\/wp\/v2\/product"}],"about":[{"href":"https:\/\/www.laperlavalles.cat\/ca\/wp-json\/wp\/v2\/types\/product"}],"replies":[{"embeddable":true,"href":"https:\/\/www.laperlavalles.cat\/ca\/wp-json\/wp\/v2\/comments?post=198428"}],"wp:featuredmedia":[{"embeddable":true,"href":"https:\/\/www.laperlavalles.cat\/ca\/wp-json\/wp\/v2\/media\/198424"}],"wp:attachment":[{"href":"https:\/\/www.laperlavalles.cat\/ca\/wp-json\/wp\/v2\/media?parent=198428"}],"wp:term":[{"taxonomy":"product_cat","embeddable":true,"href":"https:\/\/www.laperlavalles.cat\/ca\/wp-json\/wp\/v2\/product_cat?post=198428"},{"taxonomy":"product_tag","embeddable":true,"href":"https:\/\/www.laperlavalles.cat\/ca\/wp-json\/wp\/v2\/product_tag?post=198428"}],"curies":[{"name":"wp","href":"https:\/\/api.w.org\/{rel}","templated":true}]}}