{"id":198603,"date":"2025-06-10T11:36:46","date_gmt":"2025-06-10T09:36:52","guid":{"rendered":"https:\/\/www.laperlavalles.cat\/product\/vaselina-locio-corporal-soothing-hydration-600ml\/"},"modified":"2025-09-22T12:09:18","modified_gmt":"2025-09-22T10:09:18","slug":"vaselina-locio-corporal-soothing-hydration-600ml","status":"publish","type":"product","link":"https:\/\/www.laperlavalles.cat\/ca\/producte\/vaselina-locio-corporal-soothing-hydration-600ml\/","title":{"rendered":"VASELINA LOCI\u00d3 CORPORAL SOOTHING HYDRATION 600ML"},"content":{"rendered":"<p>Loci\u00f3 corporal hidratant amb 1% d\u2019aloe vera i microgotes de vaselina, formulada per calmar, refrescar i hidratar intensament la pell seca o deshidratada. La seva textura lleugera s\u2019absorbeix r\u00e0pidament sense deixar sensaci\u00f3 greixosa, aportant alleujament immediat i una sensaci\u00f3 de frescor. Els l\u00edpids ultra hidratants ajuden a refor\u00e7ar la barrera natural de la pell i mantenen la hidrataci\u00f3 fins a 3 setmanes amb \u00fas diari. Ideal per a \u00fas diari, especialment despr\u00e9s de la dutxa o quan la pell necessita una hidrataci\u00f3 profunda i calmant.<\/p>\n","protected":false},"excerpt":{"rendered":"<p>Loci\u00f3 corporal hidratant amb 1% d\u2019aloe vera i microgotes de vaselina, formulada per calmar, refrescar i hidratar intensament la pell seca o deshidratada. La seva textura<span class=\"excerpt-hellip\"> [\u2026]<\/span><\/p>\n","protected":false},"featured_media":198595,"comment_status":"open","ping_status":"closed","template":"","meta":[],"product_cat":[8423,8522],"product_tag":[],"_links":{"self":[{"href":"https:\/\/www.laperlavalles.cat\/ca\/wp-json\/wp\/v2\/product\/198603"}],"collection":[{"href":"https:\/\/www.laperlavalles.cat\/ca\/wp-json\/wp\/v2\/product"}],"about":[{"href":"https:\/\/www.laperlavalles.cat\/ca\/wp-json\/wp\/v2\/types\/product"}],"replies":[{"embeddable":true,"href":"https:\/\/www.laperlavalles.cat\/ca\/wp-json\/wp\/v2\/comments?post=198603"}],"wp:featuredmedia":[{"embeddable":true,"href":"https:\/\/www.laperlavalles.cat\/ca\/wp-json\/wp\/v2\/media\/198595"}],"wp:attachment":[{"href":"https:\/\/www.laperlavalles.cat\/ca\/wp-json\/wp\/v2\/media?parent=198603"}],"wp:term":[{"taxonomy":"product_cat","embeddable":true,"href":"https:\/\/www.laperlavalles.cat\/ca\/wp-json\/wp\/v2\/product_cat?post=198603"},{"taxonomy":"product_tag","embeddable":true,"href":"https:\/\/www.laperlavalles.cat\/ca\/wp-json\/wp\/v2\/product_tag?post=198603"}],"curies":[{"name":"wp","href":"https:\/\/api.w.org\/{rel}","templated":true}]}}