{"id":198643,"date":"2025-06-11T08:02:35","date_gmt":"2025-06-11T06:02:42","guid":{"rendered":"https:\/\/www.laperlavalles.cat\/product\/vaselina-locio-corporal-essential-healing-600ml\/"},"modified":"2025-09-22T12:14:45","modified_gmt":"2025-09-22T10:14:45","slug":"vaselina-locio-corporal-essential-healing-600ml","status":"publish","type":"product","link":"https:\/\/www.laperlavalles.cat\/ca\/producte\/vaselina-locio-corporal-essential-healing-600ml\/","title":{"rendered":"VASELINA LOCI\u00d3 CORPORAL ESSENTIAL HEALING 600ML"},"content":{"rendered":"<p>Loci\u00f3 corporal hidratant amb microgotes de vaselina jelly i extracte pur de civada, formulada per nodrir i reparar la pell seca en profunditat. Proporciona una hidrataci\u00f3 intensa i duradora, cl\u00ednicament provada per mantenir la pell hidratada i \u201ccurada\u201d fins a 3 setmanes despr\u00e9s de 4 setmanes d\u2019\u00fas diari. Absorci\u00f3 r\u00e0pida, textura lleugera i no greixosa, deixa la pell suau, flexible i visiblement m\u00e9s saludable. Ideal per a \u00fas diari en tot tipus de pell seca o deshidratada. Amb bomba intel\u00b7ligent per a una aplicaci\u00f3 neta i c\u00f2moda.<\/p>\n","protected":false},"excerpt":{"rendered":"<p>Loci\u00f3 corporal hidratant amb microgotes de vaselina jelly i extracte pur de civada, formulada per nodrir i reparar la pell seca en profunditat. Proporciona una hidrataci\u00f3<span class=\"excerpt-hellip\"> [\u2026]<\/span><\/p>\n","protected":false},"featured_media":198635,"comment_status":"open","ping_status":"closed","template":"","meta":[],"product_cat":[8423,8522],"product_tag":[],"_links":{"self":[{"href":"https:\/\/www.laperlavalles.cat\/ca\/wp-json\/wp\/v2\/product\/198643"}],"collection":[{"href":"https:\/\/www.laperlavalles.cat\/ca\/wp-json\/wp\/v2\/product"}],"about":[{"href":"https:\/\/www.laperlavalles.cat\/ca\/wp-json\/wp\/v2\/types\/product"}],"replies":[{"embeddable":true,"href":"https:\/\/www.laperlavalles.cat\/ca\/wp-json\/wp\/v2\/comments?post=198643"}],"wp:featuredmedia":[{"embeddable":true,"href":"https:\/\/www.laperlavalles.cat\/ca\/wp-json\/wp\/v2\/media\/198635"}],"wp:attachment":[{"href":"https:\/\/www.laperlavalles.cat\/ca\/wp-json\/wp\/v2\/media?parent=198643"}],"wp:term":[{"taxonomy":"product_cat","embeddable":true,"href":"https:\/\/www.laperlavalles.cat\/ca\/wp-json\/wp\/v2\/product_cat?post=198643"},{"taxonomy":"product_tag","embeddable":true,"href":"https:\/\/www.laperlavalles.cat\/ca\/wp-json\/wp\/v2\/product_tag?post=198643"}],"curies":[{"name":"wp","href":"https:\/\/api.w.org\/{rel}","templated":true}]}}