{"id":198663,"date":"2025-06-11T08:04:17","date_gmt":"2025-06-11T06:04:25","guid":{"rendered":"https:\/\/www.laperlavalles.cat\/product\/vaselina-oli-corporal-coco-restaurador-200ml\/"},"modified":"2025-09-22T12:15:48","modified_gmt":"2025-09-22T10:15:48","slug":"vaselina-oli-corporal-coco-restaurador-200ml","status":"publish","type":"product","link":"https:\/\/www.laperlavalles.cat\/ca\/producte\/vaselina-oli-corporal-coco-restaurador-200ml\/","title":{"rendered":"VASELINA OLI CORPORAL COCO RESTAURADOR 200ML"},"content":{"rendered":"<p>Oli corporal hidratant enriquit amb oli de coco natural i microgotes de vaselina jelly, formulat per nodrir intensament, reparar i aportar lluminositat a la pell seca o apagada. Proporciona una hidrataci\u00f3 profunda i duradora, ajudant a restaurar la barrera natural de la pell i deixant-la suau, flexible i radiant sense sensaci\u00f3 greixosa. Absorci\u00f3 r\u00e0pida, textura lleugera, ideal per a \u00fas diari despr\u00e9s de la dutxa o quan la pell necessita hidrataci\u00f3 extra. Frag\u00e0ncia suau i tropical de coco. Apte per a tot tipus de pell, inclosa la sensible<\/p>\n","protected":false},"excerpt":{"rendered":"<p>Oli corporal hidratant enriquit amb oli de coco natural i microgotes de vaselina jelly, formulat per nodrir intensament, reparar i aportar lluminositat a la pell seca<span class=\"excerpt-hellip\"> [\u2026]<\/span><\/p>\n","protected":false},"featured_media":198655,"comment_status":"open","ping_status":"closed","template":"","meta":[],"product_cat":[8423,8522],"product_tag":[],"_links":{"self":[{"href":"https:\/\/www.laperlavalles.cat\/ca\/wp-json\/wp\/v2\/product\/198663"}],"collection":[{"href":"https:\/\/www.laperlavalles.cat\/ca\/wp-json\/wp\/v2\/product"}],"about":[{"href":"https:\/\/www.laperlavalles.cat\/ca\/wp-json\/wp\/v2\/types\/product"}],"replies":[{"embeddable":true,"href":"https:\/\/www.laperlavalles.cat\/ca\/wp-json\/wp\/v2\/comments?post=198663"}],"wp:featuredmedia":[{"embeddable":true,"href":"https:\/\/www.laperlavalles.cat\/ca\/wp-json\/wp\/v2\/media\/198655"}],"wp:attachment":[{"href":"https:\/\/www.laperlavalles.cat\/ca\/wp-json\/wp\/v2\/media?parent=198663"}],"wp:term":[{"taxonomy":"product_cat","embeddable":true,"href":"https:\/\/www.laperlavalles.cat\/ca\/wp-json\/wp\/v2\/product_cat?post=198663"},{"taxonomy":"product_tag","embeddable":true,"href":"https:\/\/www.laperlavalles.cat\/ca\/wp-json\/wp\/v2\/product_tag?post=198663"}],"curies":[{"name":"wp","href":"https:\/\/api.w.org\/{rel}","templated":true}]}}