{"id":198848,"date":"2025-06-11T08:45:26","date_gmt":"2025-06-11T06:45:26","guid":{"rendered":"https:\/\/www.laperlavalles.cat\/product\/promolac-caldo-carn-1kg-3\/"},"modified":"2025-06-11T08:45:26","modified_gmt":"2025-06-11T06:45:26","slug":"promolac-caldo-carn-1kg-3","status":"publish","type":"product","link":"https:\/\/www.laperlavalles.cat\/ca\/producte\/promolac-caldo-carn-1kg-3\/","title":{"rendered":"PROMOLAC CALDO CARN 1KG"},"content":{"rendered":"<p>Caldo de carn en pols per a \u00fas professional, sense gluten ni al\u00b7l\u00e8rgens, ideal per enriquir sopes, arrossos, guisats i salses amb un sabor intens i natural de carn. Es dissol f\u00e0cilment i \u00e9s apte per a dietes especials (sense lactosa ni conservants). Format hostaleria d\u20191 kg, amb rendiment per a uns 50 litres. Certificat halal<\/p>\n","protected":false},"excerpt":{"rendered":"<p>Caldo de carn en pols per a \u00fas professional, sense gluten ni al\u00b7l\u00e8rgens, ideal per enriquir sopes, arrossos, guisats i salses amb un sabor intens i<span class=\"excerpt-hellip\"> [\u2026]<\/span><\/p>\n","protected":false},"featured_media":198844,"comment_status":"open","ping_status":"closed","template":"","meta":[],"product_cat":[36],"product_tag":[],"_links":{"self":[{"href":"https:\/\/www.laperlavalles.cat\/ca\/wp-json\/wp\/v2\/product\/198848"}],"collection":[{"href":"https:\/\/www.laperlavalles.cat\/ca\/wp-json\/wp\/v2\/product"}],"about":[{"href":"https:\/\/www.laperlavalles.cat\/ca\/wp-json\/wp\/v2\/types\/product"}],"replies":[{"embeddable":true,"href":"https:\/\/www.laperlavalles.cat\/ca\/wp-json\/wp\/v2\/comments?post=198848"}],"wp:featuredmedia":[{"embeddable":true,"href":"https:\/\/www.laperlavalles.cat\/ca\/wp-json\/wp\/v2\/media\/198844"}],"wp:attachment":[{"href":"https:\/\/www.laperlavalles.cat\/ca\/wp-json\/wp\/v2\/media?parent=198848"}],"wp:term":[{"taxonomy":"product_cat","embeddable":true,"href":"https:\/\/www.laperlavalles.cat\/ca\/wp-json\/wp\/v2\/product_cat?post=198848"},{"taxonomy":"product_tag","embeddable":true,"href":"https:\/\/www.laperlavalles.cat\/ca\/wp-json\/wp\/v2\/product_tag?post=198848"}],"curies":[{"name":"wp","href":"https:\/\/api.w.org\/{rel}","templated":true}]}}