{"id":199178,"date":"2025-06-11T09:18:52","date_gmt":"2025-06-11T07:18:52","guid":{"rendered":"https:\/\/www.laperlavalles.cat\/product\/promolac-caldo-pollo-100p-5\/"},"modified":"2025-06-11T09:18:52","modified_gmt":"2025-06-11T07:18:52","slug":"promolac-caldo-pollo-100p-5","status":"publish","type":"product","link":"https:\/\/www.laperlavalles.cat\/ca\/producte\/promolac-caldo-pollo-100p-5\/","title":{"rendered":"PROMOLAC CALDO POLLO 100P"},"content":{"rendered":"<p>Caldo de pollastre en pastilles, presentat en pot amb 100 unitats de 10 g cadascuna, ideal per a \u00fas professional o dom\u00e8stic. Sense gluten ni al\u00b7l\u00e8rgens, apte per a dietes especials i certificat halal. Cada pastilla es dissol f\u00e0cilment i aporta un sabor intens i natural de pollastre a sopes, arrossos, guisats i salses. Format estalviador i pr\u00e0ctic per a cuines de gran volum o \u00fas quotidi\u00e0.<\/p>\n","protected":false},"excerpt":{"rendered":"<p>Caldo de pollastre en pastilles, presentat en pot amb 100 unitats de 10 g cadascuna, ideal per a \u00fas professional o dom\u00e8stic. Sense gluten ni al\u00b7l\u00e8rgens,<span class=\"excerpt-hellip\"> [\u2026]<\/span><\/p>\n","protected":false},"featured_media":199174,"comment_status":"open","ping_status":"closed","template":"","meta":[],"product_cat":[36],"product_tag":[],"_links":{"self":[{"href":"https:\/\/www.laperlavalles.cat\/ca\/wp-json\/wp\/v2\/product\/199178"}],"collection":[{"href":"https:\/\/www.laperlavalles.cat\/ca\/wp-json\/wp\/v2\/product"}],"about":[{"href":"https:\/\/www.laperlavalles.cat\/ca\/wp-json\/wp\/v2\/types\/product"}],"replies":[{"embeddable":true,"href":"https:\/\/www.laperlavalles.cat\/ca\/wp-json\/wp\/v2\/comments?post=199178"}],"wp:featuredmedia":[{"embeddable":true,"href":"https:\/\/www.laperlavalles.cat\/ca\/wp-json\/wp\/v2\/media\/199174"}],"wp:attachment":[{"href":"https:\/\/www.laperlavalles.cat\/ca\/wp-json\/wp\/v2\/media?parent=199178"}],"wp:term":[{"taxonomy":"product_cat","embeddable":true,"href":"https:\/\/www.laperlavalles.cat\/ca\/wp-json\/wp\/v2\/product_cat?post=199178"},{"taxonomy":"product_tag","embeddable":true,"href":"https:\/\/www.laperlavalles.cat\/ca\/wp-json\/wp\/v2\/product_tag?post=199178"}],"curies":[{"name":"wp","href":"https:\/\/api.w.org\/{rel}","templated":true}]}}