{"id":199383,"date":"2025-06-11T09:40:51","date_gmt":"2025-06-11T07:40:58","guid":{"rendered":"https:\/\/www.laperlavalles.cat\/product\/salsa-yakitori-kikkoman-250ml\/"},"modified":"2025-06-11T13:50:19","modified_gmt":"2025-06-11T11:50:19","slug":"salsa-yakitori-kikkoman-250ml","status":"publish","type":"product","link":"https:\/\/www.laperlavalles.cat\/ca\/producte\/salsa-yakitori-kikkoman-250ml\/","title":{"rendered":"SALSA YAKITORI KIKKOMAN 250ML"},"content":{"rendered":"<p>Gaudeix de l&#8217;aut\u00e8ntic sabor de la cuina japonesa amb la Salsa Yakitori Kikkoman, una combinaci\u00f3 perfecta de salsa de soja naturalment fermentada, esp\u00e8cies seleccionades i melassa, que aporta un gust dol\u00e7 i salat amb un toc umami irresistible. Aquesta salsa, de textura espessa i brillant, \u00e9s ideal per marinar, glacejar o utilitzar com a salsa per a pollastre, peix o verdures a la graella. A m\u00e9s, \u00e9s apta per a dietes veganes.<\/p>\n","protected":false},"excerpt":{"rendered":"<p>Gaudeix de l&#8217;aut\u00e8ntic sabor de la cuina japonesa amb la Salsa Yakitori Kikkoman, una combinaci\u00f3 perfecta de salsa de soja naturalment fermentada, esp\u00e8cies seleccionades i melassa,<span class=\"excerpt-hellip\"> [\u2026]<\/span><\/p>\n","protected":false},"featured_media":199375,"comment_status":"open","ping_status":"closed","template":"","meta":[],"product_cat":[8411,8504],"product_tag":[],"_links":{"self":[{"href":"https:\/\/www.laperlavalles.cat\/ca\/wp-json\/wp\/v2\/product\/199383"}],"collection":[{"href":"https:\/\/www.laperlavalles.cat\/ca\/wp-json\/wp\/v2\/product"}],"about":[{"href":"https:\/\/www.laperlavalles.cat\/ca\/wp-json\/wp\/v2\/types\/product"}],"replies":[{"embeddable":true,"href":"https:\/\/www.laperlavalles.cat\/ca\/wp-json\/wp\/v2\/comments?post=199383"}],"wp:featuredmedia":[{"embeddable":true,"href":"https:\/\/www.laperlavalles.cat\/ca\/wp-json\/wp\/v2\/media\/199375"}],"wp:attachment":[{"href":"https:\/\/www.laperlavalles.cat\/ca\/wp-json\/wp\/v2\/media?parent=199383"}],"wp:term":[{"taxonomy":"product_cat","embeddable":true,"href":"https:\/\/www.laperlavalles.cat\/ca\/wp-json\/wp\/v2\/product_cat?post=199383"},{"taxonomy":"product_tag","embeddable":true,"href":"https:\/\/www.laperlavalles.cat\/ca\/wp-json\/wp\/v2\/product_tag?post=199383"}],"curies":[{"name":"wp","href":"https:\/\/api.w.org\/{rel}","templated":true}]}}