{"id":199553,"date":"2025-06-11T09:55:49","date_gmt":"2025-06-11T07:55:49","guid":{"rendered":"https:\/\/www.laperlavalles.cat\/product\/salsa-ramen-soup-kikkoman-250ml-4\/"},"modified":"2025-06-11T09:55:49","modified_gmt":"2025-06-11T07:55:49","slug":"salsa-ramen-soup-kikkoman-250ml-4","status":"publish","type":"product","link":"https:\/\/www.laperlavalles.cat\/ca\/producte\/salsa-ramen-soup-kikkoman-250ml-4\/","title":{"rendered":"SALSA RAMEN SOUP KIKKOMAN 250ML"},"content":{"rendered":"<p>Salsa base concentrada per a ramen d\u2019estil japon\u00e8s, elaborada amb salsa de soja (33%), aigua, sal, xarop de glucosa, oli de gira-sol, potenciadors del sabor (glutamat monos\u00f2dic, 5\u2019-ribonucle\u00f2tid dis\u00f2dic), prote\u00efna de soja hidrolitzada, alcohol et\u00edlic, esp\u00e8cies, mid\u00f3 modificat, espessidor (goma xantana), aroma natural, extracte de llevat i pols d\u2019algues marines (ascophyllum nodosum). T\u00e9 un sabor intens i umami, perfecte per preparar ramen shoyu aut\u00e8ntic en pocs minuts. Nom\u00e9s cal diluir 2 cullerades soperes (30 ml) en 270 ml d\u2019aigua bullent, afegir els fideus i els teus ingredients preferits (carn, ou, verdures). Apte per a vegans. Ampolla de vidre de 250 ml (8 racions).<\/p>\n","protected":false},"excerpt":{"rendered":"<p>Salsa base concentrada per a ramen d\u2019estil japon\u00e8s, elaborada amb salsa de soja (33%), aigua, sal, xarop de glucosa, oli de gira-sol, potenciadors del sabor (glutamat<span class=\"excerpt-hellip\"> [\u2026]<\/span><\/p>\n","protected":false},"featured_media":199549,"comment_status":"open","ping_status":"closed","template":"","meta":[],"product_cat":[8411,8504],"product_tag":[],"_links":{"self":[{"href":"https:\/\/www.laperlavalles.cat\/ca\/wp-json\/wp\/v2\/product\/199553"}],"collection":[{"href":"https:\/\/www.laperlavalles.cat\/ca\/wp-json\/wp\/v2\/product"}],"about":[{"href":"https:\/\/www.laperlavalles.cat\/ca\/wp-json\/wp\/v2\/types\/product"}],"replies":[{"embeddable":true,"href":"https:\/\/www.laperlavalles.cat\/ca\/wp-json\/wp\/v2\/comments?post=199553"}],"wp:featuredmedia":[{"embeddable":true,"href":"https:\/\/www.laperlavalles.cat\/ca\/wp-json\/wp\/v2\/media\/199549"}],"wp:attachment":[{"href":"https:\/\/www.laperlavalles.cat\/ca\/wp-json\/wp\/v2\/media?parent=199553"}],"wp:term":[{"taxonomy":"product_cat","embeddable":true,"href":"https:\/\/www.laperlavalles.cat\/ca\/wp-json\/wp\/v2\/product_cat?post=199553"},{"taxonomy":"product_tag","embeddable":true,"href":"https:\/\/www.laperlavalles.cat\/ca\/wp-json\/wp\/v2\/product_tag?post=199553"}],"curies":[{"name":"wp","href":"https:\/\/api.w.org\/{rel}","templated":true}]}}