{"id":199708,"date":"2025-06-11T10:10:10","date_gmt":"2025-06-11T08:10:10","guid":{"rendered":"https:\/\/www.laperlavalles.cat\/product\/salsa-wok-teriyaki-kikkoman-975ml-7\/"},"modified":"2025-06-11T10:10:10","modified_gmt":"2025-06-11T08:10:10","slug":"salsa-wok-teriyaki-kikkoman-975ml-7","status":"publish","type":"product","link":"https:\/\/www.laperlavalles.cat\/ca\/producte\/salsa-wok-teriyaki-kikkoman-975ml-7\/","title":{"rendered":"SALSA WOK TERIYAKI KIKKOMAN 975ML"},"content":{"rendered":"<p>Salsa japonesa espessa i cremosa, elaborada amb salsa de soja (aigua, habes de soja, blat, sal), sucre, aigua, vi (cont\u00e9 di\u00f2xid de sofre), mid\u00f3 modificat, xarop de sucre caramel\u00b7litzat, sal, vinagre d\u2019alcohol, gingebre en pols i all rostit en pols. Combina notes dolces i salades amb un lleuger aroma de vi i un intens sabor umami. Perfecta per saltejar al wok, marinar, lacar o glassejar carn, peix, verdures, tofu o marisc. La seva textura viscosa i brillant la fa ideal per a plats asi\u00e0tics, aportant sabor i brillantor sense necessitat d\u2019afegir cap altre condiment. Sense aromes artificials. Apte per a \u00fas professional i dom\u00e8stic.<\/p>\n","protected":false},"excerpt":{"rendered":"<p>Salsa japonesa espessa i cremosa, elaborada amb salsa de soja (aigua, habes de soja, blat, sal), sucre, aigua, vi (cont\u00e9 di\u00f2xid de sofre), mid\u00f3 modificat, xarop<span class=\"excerpt-hellip\"> [\u2026]<\/span><\/p>\n","protected":false},"featured_media":199704,"comment_status":"open","ping_status":"closed","template":"","meta":[],"product_cat":[8411,8504],"product_tag":[],"_links":{"self":[{"href":"https:\/\/www.laperlavalles.cat\/ca\/wp-json\/wp\/v2\/product\/199708"}],"collection":[{"href":"https:\/\/www.laperlavalles.cat\/ca\/wp-json\/wp\/v2\/product"}],"about":[{"href":"https:\/\/www.laperlavalles.cat\/ca\/wp-json\/wp\/v2\/types\/product"}],"replies":[{"embeddable":true,"href":"https:\/\/www.laperlavalles.cat\/ca\/wp-json\/wp\/v2\/comments?post=199708"}],"wp:featuredmedia":[{"embeddable":true,"href":"https:\/\/www.laperlavalles.cat\/ca\/wp-json\/wp\/v2\/media\/199704"}],"wp:attachment":[{"href":"https:\/\/www.laperlavalles.cat\/ca\/wp-json\/wp\/v2\/media?parent=199708"}],"wp:term":[{"taxonomy":"product_cat","embeddable":true,"href":"https:\/\/www.laperlavalles.cat\/ca\/wp-json\/wp\/v2\/product_cat?post=199708"},{"taxonomy":"product_tag","embeddable":true,"href":"https:\/\/www.laperlavalles.cat\/ca\/wp-json\/wp\/v2\/product_tag?post=199708"}],"curies":[{"name":"wp","href":"https:\/\/api.w.org\/{rel}","templated":true}]}}