{"id":200758,"date":"2025-06-11T11:15:48","date_gmt":"2025-06-11T09:15:48","guid":{"rendered":"https:\/\/www.laperlavalles.cat\/product\/blat-semola-fina-ebrotrigo-25kg-7\/"},"modified":"2025-06-11T11:15:48","modified_gmt":"2025-06-11T09:15:48","slug":"blat-semola-fina-ebrotrigo-25kg-7","status":"publish","type":"product","link":"https:\/\/www.laperlavalles.cat\/ca\/producte\/blat-semola-fina-ebrotrigo-25kg-7\/","title":{"rendered":"BLAT &#8211; S\u00c8MOLA FINA EBROTRIGO 25KG"},"content":{"rendered":"<p>S\u00e8mola fina de blat dur, de color groc uniforme i textura suau, ideal per a pastes fresques, sopes, postres i arrebossats. Aporta una textura delicada i \u00e9s rica en hidrats de carboni i prote\u00efnes, sent una opci\u00f3 molt vers\u00e0til tant per a cuina professional com dom\u00e8stica. Cont\u00e9 gluten<\/p>\n","protected":false},"excerpt":{"rendered":"<p>S\u00e8mola fina de blat dur, de color groc uniforme i textura suau, ideal per a pastes fresques, sopes, postres i arrebossats. Aporta una textura delicada i<span class=\"excerpt-hellip\"> [\u2026]<\/span><\/p>\n","protected":false},"featured_media":200754,"comment_status":"open","ping_status":"closed","template":"","meta":[],"product_cat":[8508,8418],"product_tag":[],"_links":{"self":[{"href":"https:\/\/www.laperlavalles.cat\/ca\/wp-json\/wp\/v2\/product\/200758"}],"collection":[{"href":"https:\/\/www.laperlavalles.cat\/ca\/wp-json\/wp\/v2\/product"}],"about":[{"href":"https:\/\/www.laperlavalles.cat\/ca\/wp-json\/wp\/v2\/types\/product"}],"replies":[{"embeddable":true,"href":"https:\/\/www.laperlavalles.cat\/ca\/wp-json\/wp\/v2\/comments?post=200758"}],"wp:featuredmedia":[{"embeddable":true,"href":"https:\/\/www.laperlavalles.cat\/ca\/wp-json\/wp\/v2\/media\/200754"}],"wp:attachment":[{"href":"https:\/\/www.laperlavalles.cat\/ca\/wp-json\/wp\/v2\/media?parent=200758"}],"wp:term":[{"taxonomy":"product_cat","embeddable":true,"href":"https:\/\/www.laperlavalles.cat\/ca\/wp-json\/wp\/v2\/product_cat?post=200758"},{"taxonomy":"product_tag","embeddable":true,"href":"https:\/\/www.laperlavalles.cat\/ca\/wp-json\/wp\/v2\/product_tag?post=200758"}],"curies":[{"name":"wp","href":"https:\/\/api.w.org\/{rel}","templated":true}]}}