{"id":200804,"date":"2025-07-04T08:40:58","date_gmt":"2025-07-04T06:41:08","guid":{"rendered":"https:\/\/www.laperlavalles.cat\/product\/garden-eggs-unifresh-800g\/"},"modified":"2025-07-04T08:45:00","modified_gmt":"2025-07-04T06:45:00","slug":"garden-eggs-unifresh-800g","status":"publish","type":"product","link":"https:\/\/www.laperlavalles.cat\/ca\/producte\/garden-eggs-unifresh-800g\/","title":{"rendered":"GARDEN EGGS UNIFRESH 800G"},"content":{"rendered":"<p>GARDEN EGGS UNIFRESH 800G s\u00f3n petits fruits de la fam\u00edlia de l\u2019alberg\u00ednia, coneguts tamb\u00e9 com a alberg\u00ednia blanca. Tenen una forma arrodonida o de ll\u00e0grima i un color blanc caracter\u00edstic. Molt populars a la cuina africana, els garden eggs destaquen pel seu sabor lleugerament dol\u00e7 i amarg alhora, cosa que els fa ideals per a guisats, sopes i estofats.<\/p>\n","protected":false},"excerpt":{"rendered":"<p>GARDEN EGGS UNIFRESH 800G s\u00f3n petits fruits de la fam\u00edlia de l\u2019alberg\u00ednia, coneguts tamb\u00e9 com a alberg\u00ednia blanca. Tenen una forma arrodonida o de ll\u00e0grima i<span class=\"excerpt-hellip\"> [\u2026]<\/span><\/p>\n","protected":false},"featured_media":200796,"comment_status":"open","ping_status":"closed","template":"","meta":[],"product_cat":[10617],"product_tag":[],"_links":{"self":[{"href":"https:\/\/www.laperlavalles.cat\/ca\/wp-json\/wp\/v2\/product\/200804"}],"collection":[{"href":"https:\/\/www.laperlavalles.cat\/ca\/wp-json\/wp\/v2\/product"}],"about":[{"href":"https:\/\/www.laperlavalles.cat\/ca\/wp-json\/wp\/v2\/types\/product"}],"replies":[{"embeddable":true,"href":"https:\/\/www.laperlavalles.cat\/ca\/wp-json\/wp\/v2\/comments?post=200804"}],"wp:featuredmedia":[{"embeddable":true,"href":"https:\/\/www.laperlavalles.cat\/ca\/wp-json\/wp\/v2\/media\/200796"}],"wp:attachment":[{"href":"https:\/\/www.laperlavalles.cat\/ca\/wp-json\/wp\/v2\/media?parent=200804"}],"wp:term":[{"taxonomy":"product_cat","embeddable":true,"href":"https:\/\/www.laperlavalles.cat\/ca\/wp-json\/wp\/v2\/product_cat?post=200804"},{"taxonomy":"product_tag","embeddable":true,"href":"https:\/\/www.laperlavalles.cat\/ca\/wp-json\/wp\/v2\/product_tag?post=200804"}],"curies":[{"name":"wp","href":"https:\/\/api.w.org\/{rel}","templated":true}]}}