{"id":200904,"date":"2025-07-04T09:01:01","date_gmt":"2025-07-04T07:01:11","guid":{"rendered":"https:\/\/www.laperlavalles.cat\/product\/beguda-inst-starling-mel-llimona-ginger-400g\/"},"modified":"2025-07-04T09:26:16","modified_gmt":"2025-07-04T07:26:16","slug":"beguda-inst-starling-mel-llimona-ginger-400g","status":"publish","type":"product","link":"https:\/\/www.laperlavalles.cat\/ca\/producte\/beguda-inst-starling-mel-llimona-ginger-400g\/","title":{"rendered":"BEGUDA INST. STARLING MEL LLIMONA GINGER 400G"},"content":{"rendered":"<p>Beguda instant\u00e0nia Starling de mel, llimona i gingebre 400g: Preparat en pols per a beguda instant\u00e0nia amb una combinaci\u00f3 de mel, llimona i gingebre. Ideal per prendre calenta o freda, aporta un sabor refrescant i reconfortant, perfecte per a qualsevol moment del dia<\/p>\n","protected":false},"excerpt":{"rendered":"<p>Beguda instant\u00e0nia Starling de mel, llimona i gingebre 400g: Preparat en pols per a beguda instant\u00e0nia amb una combinaci\u00f3 de mel, llimona i gingebre. Ideal per<span class=\"excerpt-hellip\"> [\u2026]<\/span><\/p>\n","protected":false},"featured_media":200896,"comment_status":"open","ping_status":"closed","template":"","meta":[],"product_cat":[8406,8525],"product_tag":[],"_links":{"self":[{"href":"https:\/\/www.laperlavalles.cat\/ca\/wp-json\/wp\/v2\/product\/200904"}],"collection":[{"href":"https:\/\/www.laperlavalles.cat\/ca\/wp-json\/wp\/v2\/product"}],"about":[{"href":"https:\/\/www.laperlavalles.cat\/ca\/wp-json\/wp\/v2\/types\/product"}],"replies":[{"embeddable":true,"href":"https:\/\/www.laperlavalles.cat\/ca\/wp-json\/wp\/v2\/comments?post=200904"}],"wp:featuredmedia":[{"embeddable":true,"href":"https:\/\/www.laperlavalles.cat\/ca\/wp-json\/wp\/v2\/media\/200896"}],"wp:attachment":[{"href":"https:\/\/www.laperlavalles.cat\/ca\/wp-json\/wp\/v2\/media?parent=200904"}],"wp:term":[{"taxonomy":"product_cat","embeddable":true,"href":"https:\/\/www.laperlavalles.cat\/ca\/wp-json\/wp\/v2\/product_cat?post=200904"},{"taxonomy":"product_tag","embeddable":true,"href":"https:\/\/www.laperlavalles.cat\/ca\/wp-json\/wp\/v2\/product_tag?post=200904"}],"curies":[{"name":"wp","href":"https:\/\/api.w.org\/{rel}","templated":true}]}}