{"id":200959,"date":"2025-07-04T09:06:04","date_gmt":"2025-07-04T07:06:04","guid":{"rendered":"https:\/\/www.laperlavalles.cat\/product\/kable-nayama-100gr-3\/"},"modified":"2025-07-04T09:06:04","modified_gmt":"2025-07-04T07:06:04","slug":"kable-nayama-100gr-3","status":"publish","type":"product","link":"https:\/\/www.laperlavalles.cat\/ca\/producte\/kable-nayama-100gr-3\/","title":{"rendered":"KABLE NAYAMA 100GR"},"content":{"rendered":"<p>KABLE NAYAMA 100GR s\u00f3n fulles seques de c\u00farcuma, utilitzades com a condiment i aromatitzant en diverses receptes africanes i asi\u00e0tiques. Aquestes fulles aporten un aroma fresc i un toc especial als guisats, sopes i plats tradicionals.<\/p>\n","protected":false},"excerpt":{"rendered":"<p>KABLE NAYAMA 100GR s\u00f3n fulles seques de c\u00farcuma, utilitzades com a condiment i aromatitzant en diverses receptes africanes i asi\u00e0tiques. Aquestes fulles aporten un aroma fresc<span class=\"excerpt-hellip\"> [\u2026]<\/span><\/p>\n","protected":false},"featured_media":200955,"comment_status":"open","ping_status":"closed","template":"","meta":[],"product_cat":[8513],"product_tag":[],"_links":{"self":[{"href":"https:\/\/www.laperlavalles.cat\/ca\/wp-json\/wp\/v2\/product\/200959"}],"collection":[{"href":"https:\/\/www.laperlavalles.cat\/ca\/wp-json\/wp\/v2\/product"}],"about":[{"href":"https:\/\/www.laperlavalles.cat\/ca\/wp-json\/wp\/v2\/types\/product"}],"replies":[{"embeddable":true,"href":"https:\/\/www.laperlavalles.cat\/ca\/wp-json\/wp\/v2\/comments?post=200959"}],"wp:featuredmedia":[{"embeddable":true,"href":"https:\/\/www.laperlavalles.cat\/ca\/wp-json\/wp\/v2\/media\/200955"}],"wp:attachment":[{"href":"https:\/\/www.laperlavalles.cat\/ca\/wp-json\/wp\/v2\/media?parent=200959"}],"wp:term":[{"taxonomy":"product_cat","embeddable":true,"href":"https:\/\/www.laperlavalles.cat\/ca\/wp-json\/wp\/v2\/product_cat?post=200959"},{"taxonomy":"product_tag","embeddable":true,"href":"https:\/\/www.laperlavalles.cat\/ca\/wp-json\/wp\/v2\/product_tag?post=200959"}],"curies":[{"name":"wp","href":"https:\/\/api.w.org\/{rel}","templated":true}]}}