{"id":201476,"date":"2026-04-10T11:13:08","date_gmt":"2026-04-10T09:13:16","guid":{"rendered":"https:\/\/www.laperlavalles.cat\/product\/mortadel%c2%b7la-zahira-550g\/"},"modified":"2026-04-10T11:17:54","modified_gmt":"2026-04-10T09:17:54","slug":"mortadel%c2%b7la-zahira-550g","status":"publish","type":"product","link":"https:\/\/www.laperlavalles.cat\/ca\/producte\/mortadel%c2%b7la-zahira-550g\/","title":{"rendered":"MORTADEL\u00b7LA ZAHIRA 550G"},"content":{"rendered":"<p>Mortadel\u00b7la elaborada amb una selecci\u00f3 de pollastre i vedella que ofereix un gust suau i aut\u00e8ntic. Producte amb certificaci\u00f3 Halal, perfecte per a entrepans i aperitius.<\/p>\n","protected":false},"excerpt":{"rendered":"<p>Mortadel\u00b7la elaborada amb una selecci\u00f3 de pollastre i vedella que ofereix un gust suau i aut\u00e8ntic. Producte amb certificaci\u00f3 Halal, perfecte per a entrepans i aperitius.<\/p>\n","protected":false},"featured_media":201468,"comment_status":"open","ping_status":"closed","template":"","meta":[],"product_cat":[10617],"product_tag":[],"_links":{"self":[{"href":"https:\/\/www.laperlavalles.cat\/ca\/wp-json\/wp\/v2\/product\/201476"}],"collection":[{"href":"https:\/\/www.laperlavalles.cat\/ca\/wp-json\/wp\/v2\/product"}],"about":[{"href":"https:\/\/www.laperlavalles.cat\/ca\/wp-json\/wp\/v2\/types\/product"}],"replies":[{"embeddable":true,"href":"https:\/\/www.laperlavalles.cat\/ca\/wp-json\/wp\/v2\/comments?post=201476"}],"wp:featuredmedia":[{"embeddable":true,"href":"https:\/\/www.laperlavalles.cat\/ca\/wp-json\/wp\/v2\/media\/201468"}],"wp:attachment":[{"href":"https:\/\/www.laperlavalles.cat\/ca\/wp-json\/wp\/v2\/media?parent=201476"}],"wp:term":[{"taxonomy":"product_cat","embeddable":true,"href":"https:\/\/www.laperlavalles.cat\/ca\/wp-json\/wp\/v2\/product_cat?post=201476"},{"taxonomy":"product_tag","embeddable":true,"href":"https:\/\/www.laperlavalles.cat\/ca\/wp-json\/wp\/v2\/product_tag?post=201476"}],"curies":[{"name":"wp","href":"https:\/\/api.w.org\/{rel}","templated":true}]}}