{"id":60960,"date":"2021-07-12T19:19:18","date_gmt":"2021-07-12T17:19:22","guid":{"rendered":"https:\/\/www.laperlavalles2.bcntic.com\/product\/salsa-chicken-marinade-lee-kum-kee-410ml\/"},"modified":"2024-07-10T11:09:09","modified_gmt":"2024-07-10T09:09:09","slug":"salsa-chicken-marinade-lee-kum-kee-410ml","status":"publish","type":"product","link":"https:\/\/www.laperlavalles.cat\/ca\/producte\/salsa-chicken-marinade-lee-kum-kee-410ml\/","title":{"rendered":"SALSA CHICKEN MARINADE LEE KUM KEE 410ML"},"content":{"rendered":"<p>La salsa chicken marinade Lee Kum Kee \u00e9s una salsa dol\u00e7a de soja per marinar pollastre o acompanyar plats de fideus, arr\u00f2s o saltats on el pollastre sigui l&#8217;ingredient principal.<\/p>\n","protected":false},"excerpt":{"rendered":"<p>La salsa chicken marinade Lee Kum Kee \u00e9s una salsa dol\u00e7a de soja per marinar pollastre o acompanyar plats de fideus, arr\u00f2s o saltats on el<span class=\"excerpt-hellip\"> [\u2026]<\/span><\/p>\n","protected":false},"featured_media":169281,"comment_status":"open","ping_status":"closed","template":"","meta":[],"product_cat":[10617],"product_tag":[],"_links":{"self":[{"href":"https:\/\/www.laperlavalles.cat\/ca\/wp-json\/wp\/v2\/product\/60960"}],"collection":[{"href":"https:\/\/www.laperlavalles.cat\/ca\/wp-json\/wp\/v2\/product"}],"about":[{"href":"https:\/\/www.laperlavalles.cat\/ca\/wp-json\/wp\/v2\/types\/product"}],"replies":[{"embeddable":true,"href":"https:\/\/www.laperlavalles.cat\/ca\/wp-json\/wp\/v2\/comments?post=60960"}],"wp:featuredmedia":[{"embeddable":true,"href":"https:\/\/www.laperlavalles.cat\/ca\/wp-json\/wp\/v2\/media\/169281"}],"wp:attachment":[{"href":"https:\/\/www.laperlavalles.cat\/ca\/wp-json\/wp\/v2\/media?parent=60960"}],"wp:term":[{"taxonomy":"product_cat","embeddable":true,"href":"https:\/\/www.laperlavalles.cat\/ca\/wp-json\/wp\/v2\/product_cat?post=60960"},{"taxonomy":"product_tag","embeddable":true,"href":"https:\/\/www.laperlavalles.cat\/ca\/wp-json\/wp\/v2\/product_tag?post=60960"}],"curies":[{"name":"wp","href":"https:\/\/api.w.org\/{rel}","templated":true}]}}