{"id":60980,"date":"2021-07-12T19:19:41","date_gmt":"2021-07-12T17:19:45","guid":{"rendered":"https:\/\/www.laperlavalles2.bcntic.com\/product\/salsa-dostres-panda-sense-gluten-510gr\/"},"modified":"2024-07-10T11:12:20","modified_gmt":"2024-07-10T09:12:20","slug":"salsa-dostres-panda-sense-gluten-510gr","status":"publish","type":"product","link":"https:\/\/www.laperlavalles.cat\/ca\/producte\/salsa-dostres-panda-sense-gluten-510gr\/","title":{"rendered":"SALSA D&#8217;OSTRES PANDA SENSE GLUTEN 510GR"},"content":{"rendered":"<p>Marca n\u00famero 1 del m\u00f3n en salsa d&#8217;ostres durant 12 anys consecutius.<br \/>\nLa salsa d&#8217;ostres Panda de Lee Kum Kee \u00e9s l&#8217;\u00e0nima i ess\u00e8ncia de la cuina xinesa. El seu sabor \u00e9s umami amb un toc dol\u00e7, arom\u00e0tic i subtil de marisc. Aporta a la carn un atractiu color daurat.<br \/>\nEs serveix com a guarniment de tot tipus de menjars i real\u00e7a el sabor umami de carns i verdures. Ideal per saltats, condiments o marinats (carn, peix o marisc). Combina amb verdures, vedella, bolets &#8230;<\/p>\n","protected":false},"excerpt":{"rendered":"<p>Marca n\u00famero 1 del m\u00f3n en salsa d&#8217;ostres durant 12 anys consecutius. La salsa d&#8217;ostres Panda de Lee Kum Kee \u00e9s l&#8217;\u00e0nima i ess\u00e8ncia de la<span class=\"excerpt-hellip\"> [\u2026]<\/span><\/p>\n","protected":false},"featured_media":169297,"comment_status":"open","ping_status":"closed","template":"","meta":[],"product_cat":[10617],"product_tag":[],"_links":{"self":[{"href":"https:\/\/www.laperlavalles.cat\/ca\/wp-json\/wp\/v2\/product\/60980"}],"collection":[{"href":"https:\/\/www.laperlavalles.cat\/ca\/wp-json\/wp\/v2\/product"}],"about":[{"href":"https:\/\/www.laperlavalles.cat\/ca\/wp-json\/wp\/v2\/types\/product"}],"replies":[{"embeddable":true,"href":"https:\/\/www.laperlavalles.cat\/ca\/wp-json\/wp\/v2\/comments?post=60980"}],"wp:featuredmedia":[{"embeddable":true,"href":"https:\/\/www.laperlavalles.cat\/ca\/wp-json\/wp\/v2\/media\/169297"}],"wp:attachment":[{"href":"https:\/\/www.laperlavalles.cat\/ca\/wp-json\/wp\/v2\/media?parent=60980"}],"wp:term":[{"taxonomy":"product_cat","embeddable":true,"href":"https:\/\/www.laperlavalles.cat\/ca\/wp-json\/wp\/v2\/product_cat?post=60980"},{"taxonomy":"product_tag","embeddable":true,"href":"https:\/\/www.laperlavalles.cat\/ca\/wp-json\/wp\/v2\/product_tag?post=60980"}],"curies":[{"name":"wp","href":"https:\/\/api.w.org\/{rel}","templated":true}]}}