{"id":61000,"date":"2021-07-12T19:20:04","date_gmt":"2021-07-12T17:20:08","guid":{"rendered":"https:\/\/www.laperlavalles2.bcntic.com\/product\/salsa-hoisin-lee-kum-kee-397gr\/"},"modified":"2023-06-23T12:33:00","modified_gmt":"2023-06-23T10:33:00","slug":"salsa-hoisin-lee-kum-kee-397gr","status":"publish","type":"product","link":"https:\/\/www.laperlavalles.cat\/ca\/producte\/salsa-hoisin-lee-kum-kee-397gr\/","title":{"rendered":"SALSA HOISIN LEE KUM KEE 397GR"},"content":{"rendered":"<p>La salsa Hoisin Lee Kum Kee \u00e9s una salsa concentrada de soja amb matisos d&#8217;esp\u00e8cies, s\u00e8sam i xilis.<br \/>\nSalsa per marinar, rostir, saltats i mullar. Un marinat excel\u00b7lent per a barbacoes i perfecte per afegir un punt dol\u00e7 als saltats. Tamb\u00e9 s&#8217;utilitza com a guarniment per a les arom\u00e0tiques i cruixents coques d&#8217;\u00e0nec, un marinat per costelles esternals, que a m\u00e9s es pot combinar amb salsa d&#8217;all i xili per cuinar el pollastre dol\u00e7-picant \u00abKung Pao\u00bb.<\/p>\n","protected":false},"excerpt":{"rendered":"<p>La salsa Hoisin Lee Kum Kee \u00e9s una salsa concentrada de soja amb matisos d&#8217;esp\u00e8cies, s\u00e8sam i xilis. Salsa per marinar, rostir, saltats i mullar. Un<span class=\"excerpt-hellip\"> [\u2026]<\/span><\/p>\n","protected":false},"featured_media":169318,"comment_status":"open","ping_status":"closed","template":"","meta":[],"product_cat":[8411,8504],"product_tag":[],"_links":{"self":[{"href":"https:\/\/www.laperlavalles.cat\/ca\/wp-json\/wp\/v2\/product\/61000"}],"collection":[{"href":"https:\/\/www.laperlavalles.cat\/ca\/wp-json\/wp\/v2\/product"}],"about":[{"href":"https:\/\/www.laperlavalles.cat\/ca\/wp-json\/wp\/v2\/types\/product"}],"replies":[{"embeddable":true,"href":"https:\/\/www.laperlavalles.cat\/ca\/wp-json\/wp\/v2\/comments?post=61000"}],"wp:featuredmedia":[{"embeddable":true,"href":"https:\/\/www.laperlavalles.cat\/ca\/wp-json\/wp\/v2\/media\/169318"}],"wp:attachment":[{"href":"https:\/\/www.laperlavalles.cat\/ca\/wp-json\/wp\/v2\/media?parent=61000"}],"wp:term":[{"taxonomy":"product_cat","embeddable":true,"href":"https:\/\/www.laperlavalles.cat\/ca\/wp-json\/wp\/v2\/product_cat?post=61000"},{"taxonomy":"product_tag","embeddable":true,"href":"https:\/\/www.laperlavalles.cat\/ca\/wp-json\/wp\/v2\/product_tag?post=61000"}],"curies":[{"name":"wp","href":"https:\/\/api.w.org\/{rel}","templated":true}]}}