{"id":61120,"date":"2021-07-12T19:22:17","date_gmt":"2021-07-12T17:22:21","guid":{"rendered":"https:\/\/www.laperlavalles2.bcntic.com\/product\/salsa-de-xili-bean-toban-djan-lee-kum-kee\/"},"modified":"2023-06-23T12:35:15","modified_gmt":"2023-06-23T10:35:15","slug":"salsa-de-xili-bean-toban-djan-lee-kum-kee","status":"publish","type":"product","link":"https:\/\/www.laperlavalles.cat\/ca\/producte\/salsa-de-xili-bean-toban-djan-lee-kum-kee\/","title":{"rendered":"SALSA DE XILI BEAN TOBAN DJAN LEE KUM KEE"},"content":{"rendered":"<p>La salsa chili bean sauce Lee Kum Kee \u00e9s coneguda tamb\u00e9 com a salsa &#8220;Toban Djan&#8221;, \u00e9s una pasta d&#8217;ingredients a l&#8217;estil de Sichuan amb una barreja picant de xilis salats, pasta de soja i faves.<br \/>\nLa salsa de chili bean sauce Lee Kum Kee \u00e9s un ingredient essencial en els plats saltats xinesos cl\u00e0ssics com el pollastre Kung Pao, i a qualsevol menjar vegetari\u00e0 i saltats.<\/p>\n","protected":false},"excerpt":{"rendered":"<p>La salsa chili bean sauce Lee Kum Kee \u00e9s coneguda tamb\u00e9 com a salsa &#8220;Toban Djan&#8221;, \u00e9s una pasta d&#8217;ingredients a l&#8217;estil de Sichuan amb una<span class=\"excerpt-hellip\"> [\u2026]<\/span><\/p>\n","protected":false},"featured_media":169414,"comment_status":"open","ping_status":"closed","template":"","meta":[],"product_cat":[8411,8504],"product_tag":[],"_links":{"self":[{"href":"https:\/\/www.laperlavalles.cat\/ca\/wp-json\/wp\/v2\/product\/61120"}],"collection":[{"href":"https:\/\/www.laperlavalles.cat\/ca\/wp-json\/wp\/v2\/product"}],"about":[{"href":"https:\/\/www.laperlavalles.cat\/ca\/wp-json\/wp\/v2\/types\/product"}],"replies":[{"embeddable":true,"href":"https:\/\/www.laperlavalles.cat\/ca\/wp-json\/wp\/v2\/comments?post=61120"}],"wp:featuredmedia":[{"embeddable":true,"href":"https:\/\/www.laperlavalles.cat\/ca\/wp-json\/wp\/v2\/media\/169414"}],"wp:attachment":[{"href":"https:\/\/www.laperlavalles.cat\/ca\/wp-json\/wp\/v2\/media?parent=61120"}],"wp:term":[{"taxonomy":"product_cat","embeddable":true,"href":"https:\/\/www.laperlavalles.cat\/ca\/wp-json\/wp\/v2\/product_cat?post=61120"},{"taxonomy":"product_tag","embeddable":true,"href":"https:\/\/www.laperlavalles.cat\/ca\/wp-json\/wp\/v2\/product_tag?post=61120"}],"curies":[{"name":"wp","href":"https:\/\/api.w.org\/{rel}","templated":true}]}}