{"id":61240,"date":"2021-07-12T19:24:34","date_gmt":"2021-07-12T17:24:38","guid":{"rendered":"https:\/\/www.laperlavalles2.bcntic.com\/product\/salsa-peking-duck-lee-kum-kee\/"},"modified":"2023-06-23T12:37:55","modified_gmt":"2023-06-23T10:37:55","slug":"salsa-peking-duck-lee-kum-kee","status":"publish","type":"product","link":"https:\/\/www.laperlavalles.cat\/ca\/producte\/salsa-peking-duck-lee-kum-kee\/","title":{"rendered":"SALSA PEKING DUCK LEE KUM KEE"},"content":{"rendered":"<p>La salsa Peking duck de Lee Kum Kee \u00e9s una salsa picant dol\u00e7a feta d&#8217;esp\u00e8cies acuradament seleccionades com chili, all i soja m\u00f2lta. Ideal per a marinar, dipejar o condimentar el cruixent \u00e0nec Pequ\u00edn.<\/p>\n","protected":false},"excerpt":{"rendered":"<p>La salsa Peking duck de Lee Kum Kee \u00e9s una salsa picant dol\u00e7a feta d&#8217;esp\u00e8cies acuradament seleccionades com chili, all i soja m\u00f2lta. Ideal per a<span class=\"excerpt-hellip\"> [\u2026]<\/span><\/p>\n","protected":false},"featured_media":169526,"comment_status":"open","ping_status":"closed","template":"","meta":[],"product_cat":[8411,8504],"product_tag":[],"_links":{"self":[{"href":"https:\/\/www.laperlavalles.cat\/ca\/wp-json\/wp\/v2\/product\/61240"}],"collection":[{"href":"https:\/\/www.laperlavalles.cat\/ca\/wp-json\/wp\/v2\/product"}],"about":[{"href":"https:\/\/www.laperlavalles.cat\/ca\/wp-json\/wp\/v2\/types\/product"}],"replies":[{"embeddable":true,"href":"https:\/\/www.laperlavalles.cat\/ca\/wp-json\/wp\/v2\/comments?post=61240"}],"wp:featuredmedia":[{"embeddable":true,"href":"https:\/\/www.laperlavalles.cat\/ca\/wp-json\/wp\/v2\/media\/169526"}],"wp:attachment":[{"href":"https:\/\/www.laperlavalles.cat\/ca\/wp-json\/wp\/v2\/media?parent=61240"}],"wp:term":[{"taxonomy":"product_cat","embeddable":true,"href":"https:\/\/www.laperlavalles.cat\/ca\/wp-json\/wp\/v2\/product_cat?post=61240"},{"taxonomy":"product_tag","embeddable":true,"href":"https:\/\/www.laperlavalles.cat\/ca\/wp-json\/wp\/v2\/product_tag?post=61240"}],"curies":[{"name":"wp","href":"https:\/\/api.w.org\/{rel}","templated":true}]}}