{"id":61500,"date":"2021-07-12T19:29:24","date_gmt":"2021-07-12T17:29:28","guid":{"rendered":"https:\/\/www.laperlavalles2.bcntic.com\/product\/oli-de-coco-pur-the-elements-500ml\/"},"modified":"2024-06-10T14:29:27","modified_gmt":"2024-06-10T12:29:27","slug":"oli-de-coco-pur-the-elements-500ml","status":"publish","type":"product","link":"https:\/\/www.laperlavalles.cat\/ca\/producte\/oli-de-coco-pur-the-elements-500ml\/","title":{"rendered":"OLI DE COCO PUR THE ELEMENTS 500ML"},"content":{"rendered":"<p>L&#8217;oli de coco pur The Elements \u00e9s un oli obtingut de cocos madurats al sol. \u00c9s un oli sense aroma molt vers\u00e0til que es pot usar tant a la cuina com a tractament de bellesa. Un producte pensat per a botigues especialitzades, nutricionistes, supermercats i hipermercats, restauraci\u00f3, canal horeca o c\u00e0terings premium.<\/p>\n","protected":false},"excerpt":{"rendered":"<p>L&#8217;oli de coco pur The Elements \u00e9s un oli obtingut de cocos madurats al sol. \u00c9s un oli sense aroma molt vers\u00e0til que es pot usar<span class=\"excerpt-hellip\"> [\u2026]<\/span><\/p>\n","protected":false},"featured_media":151026,"comment_status":"open","ping_status":"closed","template":"","meta":[],"product_cat":[10617],"product_tag":[],"_links":{"self":[{"href":"https:\/\/www.laperlavalles.cat\/ca\/wp-json\/wp\/v2\/product\/61500"}],"collection":[{"href":"https:\/\/www.laperlavalles.cat\/ca\/wp-json\/wp\/v2\/product"}],"about":[{"href":"https:\/\/www.laperlavalles.cat\/ca\/wp-json\/wp\/v2\/types\/product"}],"replies":[{"embeddable":true,"href":"https:\/\/www.laperlavalles.cat\/ca\/wp-json\/wp\/v2\/comments?post=61500"}],"wp:featuredmedia":[{"embeddable":true,"href":"https:\/\/www.laperlavalles.cat\/ca\/wp-json\/wp\/v2\/media\/151026"}],"wp:attachment":[{"href":"https:\/\/www.laperlavalles.cat\/ca\/wp-json\/wp\/v2\/media?parent=61500"}],"wp:term":[{"taxonomy":"product_cat","embeddable":true,"href":"https:\/\/www.laperlavalles.cat\/ca\/wp-json\/wp\/v2\/product_cat?post=61500"},{"taxonomy":"product_tag","embeddable":true,"href":"https:\/\/www.laperlavalles.cat\/ca\/wp-json\/wp\/v2\/product_tag?post=61500"}],"curies":[{"name":"wp","href":"https:\/\/api.w.org\/{rel}","templated":true}]}}