{"id":61660,"date":"2021-07-12T19:32:21","date_gmt":"2021-07-12T17:32:25","guid":{"rendered":"https:\/\/www.laperlavalles2.bcntic.com\/product\/salsa-de-xili-dolca-per-a-pollastre-aroy-d-720ml\/"},"modified":"2023-06-23T10:20:50","modified_gmt":"2023-06-23T08:20:50","slug":"salsa-de-xili-dolca-per-a-pollastre-aroy-d-720ml","status":"publish","type":"product","link":"https:\/\/www.laperlavalles.cat\/ca\/producte\/salsa-de-xili-dolca-per-a-pollastre-aroy-d-720ml\/","title":{"rendered":"SALSA DE XILI DOL\u00c7A PER A POLLASTRE AROY-D 720ML"},"content":{"rendered":"<p>La salsa de xili dol\u00e7 per a pollastre Aroy-D \u00e9s una salsa oriental d&#8217;origen tailand\u00e8s ideal per acompanyar i adobar plats orientals com els rotllets de primavera, el pollastre, peixos, amanides i barbacoes.<\/p>\n","protected":false},"excerpt":{"rendered":"<p>La salsa de xili dol\u00e7 per a pollastre Aroy-D \u00e9s una salsa oriental d&#8217;origen tailand\u00e8s ideal per acompanyar i adobar plats orientals com els rotllets de<span class=\"excerpt-hellip\"> [\u2026]<\/span><\/p>\n","protected":false},"featured_media":163329,"comment_status":"open","ping_status":"closed","template":"","meta":[],"product_cat":[8411,8504],"product_tag":[],"_links":{"self":[{"href":"https:\/\/www.laperlavalles.cat\/ca\/wp-json\/wp\/v2\/product\/61660"}],"collection":[{"href":"https:\/\/www.laperlavalles.cat\/ca\/wp-json\/wp\/v2\/product"}],"about":[{"href":"https:\/\/www.laperlavalles.cat\/ca\/wp-json\/wp\/v2\/types\/product"}],"replies":[{"embeddable":true,"href":"https:\/\/www.laperlavalles.cat\/ca\/wp-json\/wp\/v2\/comments?post=61660"}],"wp:featuredmedia":[{"embeddable":true,"href":"https:\/\/www.laperlavalles.cat\/ca\/wp-json\/wp\/v2\/media\/163329"}],"wp:attachment":[{"href":"https:\/\/www.laperlavalles.cat\/ca\/wp-json\/wp\/v2\/media?parent=61660"}],"wp:term":[{"taxonomy":"product_cat","embeddable":true,"href":"https:\/\/www.laperlavalles.cat\/ca\/wp-json\/wp\/v2\/product_cat?post=61660"},{"taxonomy":"product_tag","embeddable":true,"href":"https:\/\/www.laperlavalles.cat\/ca\/wp-json\/wp\/v2\/product_tag?post=61660"}],"curies":[{"name":"wp","href":"https:\/\/api.w.org\/{rel}","templated":true}]}}