{"id":61680,"date":"2021-07-12T19:32:43","date_gmt":"2021-07-12T17:32:47","guid":{"rendered":"https:\/\/www.laperlavalles2.bcntic.com\/product\/salsa-de-xili-dolca-per-rotllets-aroy-d-200ml\/"},"modified":"2026-04-22T09:31:44","modified_gmt":"2026-04-22T07:31:44","slug":"salsa-de-xili-dolca-per-rotllets-aroy-d-200ml","status":"publish","type":"product","link":"https:\/\/www.laperlavalles.cat\/ca\/producte\/salsa-de-xili-dolca-per-rotllets-aroy-d-200ml\/","title":{"rendered":"SALSA DE XILI DOL\u00c7A PER ROTLLETS AROY-D 200ML"},"content":{"rendered":"<p>Salsa de xili dol\u00e7 per a rotllets Aroy-d \u00e9s una salsa de xili dol\u00e7a per acompanyar rotllets de primavera. \u00c9s mig picant i t\u00e9 un marcat gust de xili i un toc dol\u00e7.<\/p>\n","protected":false},"excerpt":{"rendered":"<p>Salsa de xili dol\u00e7 per a rotllets Aroy-d \u00e9s una salsa de xili dol\u00e7a per acompanyar rotllets de primavera. \u00c9s mig picant i t\u00e9 un marcat<span class=\"excerpt-hellip\"> [\u2026]<\/span><\/p>\n","protected":false},"featured_media":163185,"comment_status":"open","ping_status":"closed","template":"","meta":[],"product_cat":[8411,8504],"product_tag":[],"_links":{"self":[{"href":"https:\/\/www.laperlavalles.cat\/ca\/wp-json\/wp\/v2\/product\/61680"}],"collection":[{"href":"https:\/\/www.laperlavalles.cat\/ca\/wp-json\/wp\/v2\/product"}],"about":[{"href":"https:\/\/www.laperlavalles.cat\/ca\/wp-json\/wp\/v2\/types\/product"}],"replies":[{"embeddable":true,"href":"https:\/\/www.laperlavalles.cat\/ca\/wp-json\/wp\/v2\/comments?post=61680"}],"wp:featuredmedia":[{"embeddable":true,"href":"https:\/\/www.laperlavalles.cat\/ca\/wp-json\/wp\/v2\/media\/163185"}],"wp:attachment":[{"href":"https:\/\/www.laperlavalles.cat\/ca\/wp-json\/wp\/v2\/media?parent=61680"}],"wp:term":[{"taxonomy":"product_cat","embeddable":true,"href":"https:\/\/www.laperlavalles.cat\/ca\/wp-json\/wp\/v2\/product_cat?post=61680"},{"taxonomy":"product_tag","embeddable":true,"href":"https:\/\/www.laperlavalles.cat\/ca\/wp-json\/wp\/v2\/product_tag?post=61680"}],"curies":[{"name":"wp","href":"https:\/\/api.w.org\/{rel}","templated":true}]}}