{"id":61700,"date":"2021-07-12T19:33:05","date_gmt":"2021-07-12T17:33:09","guid":{"rendered":"https:\/\/www.laperlavalles2.bcntic.com\/product\/salsa-de-xili-dolca-per-rotllets-aroy-d-750ml\/"},"modified":"2023-06-23T10:17:53","modified_gmt":"2023-06-23T08:17:53","slug":"salsa-de-xili-dolca-per-rotllets-aroy-d-750ml","status":"publish","type":"product","link":"https:\/\/www.laperlavalles.cat\/ca\/producte\/salsa-de-xili-dolca-per-rotllets-aroy-d-750ml\/","title":{"rendered":"SALSA DE XILI DOL\u00c7A PER ROTLLETS AROY-D 750ML"},"content":{"rendered":"<p>Salsa de xili dol\u00e7 per a rotllets Aroy-d \u00e9s una salsa de xili dol\u00e7a per acompanyar rotllets de primavera. \u00c9s mig picant i t\u00e9 un marcat gust de xili i un toc dol\u00e7.<\/p>\n","protected":false},"excerpt":{"rendered":"<p>Salsa de xili dol\u00e7 per a rotllets Aroy-d \u00e9s una salsa de xili dol\u00e7a per acompanyar rotllets de primavera. \u00c9s mig picant i t\u00e9 un marcat<span class=\"excerpt-hellip\"> [\u2026]<\/span><\/p>\n","protected":false},"featured_media":163201,"comment_status":"open","ping_status":"closed","template":"","meta":[],"product_cat":[8411,8504],"product_tag":[],"_links":{"self":[{"href":"https:\/\/www.laperlavalles.cat\/ca\/wp-json\/wp\/v2\/product\/61700"}],"collection":[{"href":"https:\/\/www.laperlavalles.cat\/ca\/wp-json\/wp\/v2\/product"}],"about":[{"href":"https:\/\/www.laperlavalles.cat\/ca\/wp-json\/wp\/v2\/types\/product"}],"replies":[{"embeddable":true,"href":"https:\/\/www.laperlavalles.cat\/ca\/wp-json\/wp\/v2\/comments?post=61700"}],"wp:featuredmedia":[{"embeddable":true,"href":"https:\/\/www.laperlavalles.cat\/ca\/wp-json\/wp\/v2\/media\/163201"}],"wp:attachment":[{"href":"https:\/\/www.laperlavalles.cat\/ca\/wp-json\/wp\/v2\/media?parent=61700"}],"wp:term":[{"taxonomy":"product_cat","embeddable":true,"href":"https:\/\/www.laperlavalles.cat\/ca\/wp-json\/wp\/v2\/product_cat?post=61700"},{"taxonomy":"product_tag","embeddable":true,"href":"https:\/\/www.laperlavalles.cat\/ca\/wp-json\/wp\/v2\/product_tag?post=61700"}],"curies":[{"name":"wp","href":"https:\/\/api.w.org\/{rel}","templated":true}]}}