{"id":61740,"date":"2021-07-12T19:33:49","date_gmt":"2021-07-12T17:33:53","guid":{"rendered":"https:\/\/www.laperlavalles2.bcntic.com\/product\/oli-de-coco-verge-the-elements-450ml\/"},"modified":"2024-06-10T14:18:45","modified_gmt":"2024-06-10T12:18:45","slug":"oli-de-coco-verge-the-elements-450ml","status":"publish","type":"product","link":"https:\/\/www.laperlavalles.cat\/ca\/producte\/oli-de-coco-verge-the-elements-450ml\/","title":{"rendered":"OLI DE COCO VERGE THE ELEMENTS 450ML"},"content":{"rendered":"<p>L&#8217;oli de coco extra verge The Elements \u00e9s un oli premium obtingut de cocos madurats al sol i premsats en fred mantenint aix\u00ed totes les propietats i aromes de l&#8217;oli inalterades. \u00c9s un oli vers\u00e0til que es pot usar tant a la cuina com a tractament de bellesa. Un producte pensat per a botigues especialitzades, nutricionistes, supermercats i hipermercats, restauraci\u00f3, canal horeca o c\u00e0terings premium.<\/p>\n","protected":false},"excerpt":{"rendered":"<p>L&#8217;oli de coco extra verge The Elements \u00e9s un oli premium obtingut de cocos madurats al sol i premsats en fred mantenint aix\u00ed totes les propietats<span class=\"excerpt-hellip\"> [\u2026]<\/span><\/p>\n","protected":false},"featured_media":163233,"comment_status":"open","ping_status":"closed","template":"","meta":[],"product_cat":[10617],"product_tag":[],"_links":{"self":[{"href":"https:\/\/www.laperlavalles.cat\/ca\/wp-json\/wp\/v2\/product\/61740"}],"collection":[{"href":"https:\/\/www.laperlavalles.cat\/ca\/wp-json\/wp\/v2\/product"}],"about":[{"href":"https:\/\/www.laperlavalles.cat\/ca\/wp-json\/wp\/v2\/types\/product"}],"replies":[{"embeddable":true,"href":"https:\/\/www.laperlavalles.cat\/ca\/wp-json\/wp\/v2\/comments?post=61740"}],"wp:featuredmedia":[{"embeddable":true,"href":"https:\/\/www.laperlavalles.cat\/ca\/wp-json\/wp\/v2\/media\/163233"}],"wp:attachment":[{"href":"https:\/\/www.laperlavalles.cat\/ca\/wp-json\/wp\/v2\/media?parent=61740"}],"wp:term":[{"taxonomy":"product_cat","embeddable":true,"href":"https:\/\/www.laperlavalles.cat\/ca\/wp-json\/wp\/v2\/product_cat?post=61740"},{"taxonomy":"product_tag","embeddable":true,"href":"https:\/\/www.laperlavalles.cat\/ca\/wp-json\/wp\/v2\/product_tag?post=61740"}],"curies":[{"name":"wp","href":"https:\/\/api.w.org\/{rel}","templated":true}]}}