{"id":61960,"date":"2021-07-12T19:37:30","date_gmt":"2021-07-12T17:37:34","guid":{"rendered":"https:\/\/www.laperlavalles2.bcntic.com\/product\/salsa-aji-oriental-100ml\/"},"modified":"2023-06-23T08:27:18","modified_gmt":"2023-06-23T06:27:18","slug":"salsa-aji-oriental-100ml","status":"publish","type":"product","link":"https:\/\/www.laperlavalles.cat\/ca\/producte\/salsa-aji-oriental-100ml\/","title":{"rendered":"SALSA AJI ORIENTAL 100ML"},"content":{"rendered":"<p>La Salsa Aji Oriental \u00e9s la principal marca de salsa d&#8217;aj\u00ed picant de l&#8217;Equador i consumida per la majoria de la poblaci\u00f3 llatina.<\/p>\n","protected":false},"excerpt":{"rendered":"<p>La Salsa Aji Oriental \u00e9s la principal marca de salsa d&#8217;aj\u00ed picant de l&#8217;Equador i consumida per la majoria de la poblaci\u00f3 llatina.<\/p>\n","protected":false},"featured_media":158182,"comment_status":"open","ping_status":"closed","template":"","meta":[],"product_cat":[8411,8504],"product_tag":[],"_links":{"self":[{"href":"https:\/\/www.laperlavalles.cat\/ca\/wp-json\/wp\/v2\/product\/61960"}],"collection":[{"href":"https:\/\/www.laperlavalles.cat\/ca\/wp-json\/wp\/v2\/product"}],"about":[{"href":"https:\/\/www.laperlavalles.cat\/ca\/wp-json\/wp\/v2\/types\/product"}],"replies":[{"embeddable":true,"href":"https:\/\/www.laperlavalles.cat\/ca\/wp-json\/wp\/v2\/comments?post=61960"}],"wp:featuredmedia":[{"embeddable":true,"href":"https:\/\/www.laperlavalles.cat\/ca\/wp-json\/wp\/v2\/media\/158182"}],"wp:attachment":[{"href":"https:\/\/www.laperlavalles.cat\/ca\/wp-json\/wp\/v2\/media?parent=61960"}],"wp:term":[{"taxonomy":"product_cat","embeddable":true,"href":"https:\/\/www.laperlavalles.cat\/ca\/wp-json\/wp\/v2\/product_cat?post=61960"},{"taxonomy":"product_tag","embeddable":true,"href":"https:\/\/www.laperlavalles.cat\/ca\/wp-json\/wp\/v2\/product_tag?post=61960"}],"curies":[{"name":"wp","href":"https:\/\/api.w.org\/{rel}","templated":true}]}}