{"id":62020,"date":"2021-07-12T19:38:25","date_gmt":"2021-07-12T17:38:28","guid":{"rendered":"https:\/\/www.laperlavalles2.bcntic.com\/product\/salsa-de-soja-xina-oriental-200ml\/"},"modified":"2023-06-23T08:28:21","modified_gmt":"2023-06-23T06:28:21","slug":"salsa-de-soja-xina-oriental-200ml","status":"publish","type":"product","link":"https:\/\/www.laperlavalles.cat\/ca\/producte\/salsa-de-soja-xina-oriental-200ml\/","title":{"rendered":"SALSA DE SOJA XINA ORIENTAL 200ML"},"content":{"rendered":"<p>La salsa xinesa de soja Oriental \u00e9s la coneguda salsa de soja estil xinesa ideal per acompanyar menjars tant orientals com occidentals ja siguin verdures fregides, arr\u00f2s, a l&#8217;igual que sopes, amanides, etc. \u00c9s un condiment salat, per\u00f2 amb un toc dol\u00e7.<\/p>\n","protected":false},"excerpt":{"rendered":"<p>La salsa xinesa de soja Oriental \u00e9s la coneguda salsa de soja estil xinesa ideal per acompanyar menjars tant orientals com occidentals ja siguin verdures fregides,<span class=\"excerpt-hellip\"> [\u2026]<\/span><\/p>\n","protected":false},"featured_media":158230,"comment_status":"open","ping_status":"closed","template":"","meta":[],"product_cat":[8411,8504],"product_tag":[],"_links":{"self":[{"href":"https:\/\/www.laperlavalles.cat\/ca\/wp-json\/wp\/v2\/product\/62020"}],"collection":[{"href":"https:\/\/www.laperlavalles.cat\/ca\/wp-json\/wp\/v2\/product"}],"about":[{"href":"https:\/\/www.laperlavalles.cat\/ca\/wp-json\/wp\/v2\/types\/product"}],"replies":[{"embeddable":true,"href":"https:\/\/www.laperlavalles.cat\/ca\/wp-json\/wp\/v2\/comments?post=62020"}],"wp:featuredmedia":[{"embeddable":true,"href":"https:\/\/www.laperlavalles.cat\/ca\/wp-json\/wp\/v2\/media\/158230"}],"wp:attachment":[{"href":"https:\/\/www.laperlavalles.cat\/ca\/wp-json\/wp\/v2\/media?parent=62020"}],"wp:term":[{"taxonomy":"product_cat","embeddable":true,"href":"https:\/\/www.laperlavalles.cat\/ca\/wp-json\/wp\/v2\/product_cat?post=62020"},{"taxonomy":"product_tag","embeddable":true,"href":"https:\/\/www.laperlavalles.cat\/ca\/wp-json\/wp\/v2\/product_tag?post=62020"}],"curies":[{"name":"wp","href":"https:\/\/api.w.org\/{rel}","templated":true}]}}