{"id":62040,"date":"2021-07-12T19:38:43","date_gmt":"2021-07-12T17:38:47","guid":{"rendered":"https:\/\/www.laperlavalles2.bcntic.com\/product\/salsa-de-xili-dolca-per-a-pollastre-aroy-d-200ml\/"},"modified":"2023-06-23T08:28:43","modified_gmt":"2023-06-23T06:28:43","slug":"salsa-de-xili-dolca-per-a-pollastre-aroy-d-200ml","status":"publish","type":"product","link":"https:\/\/www.laperlavalles.cat\/ca\/producte\/salsa-de-xili-dolca-per-a-pollastre-aroy-d-200ml\/","title":{"rendered":"SALSA DE XILI DOL\u00c7A PER A POLLASTRE AROY-D 200ML"},"content":{"rendered":"<p>La salsa de xili dol\u00e7 per a pollastre Aroy-D \u00e9s una salsa oriental d&#8217;origen tailand\u00e8s ideal per acompanyar i adobar plats orientals com els rotllets de primavera, el pollastre, peixos, amanides i barbacoes.<\/p>\n","protected":false},"excerpt":{"rendered":"<p>La salsa de xili dol\u00e7 per a pollastre Aroy-D \u00e9s una salsa oriental d&#8217;origen tailand\u00e8s ideal per acompanyar i adobar plats orientals com els rotllets de<span class=\"excerpt-hellip\"> [\u2026]<\/span><\/p>\n","protected":false},"featured_media":158241,"comment_status":"open","ping_status":"closed","template":"","meta":[],"product_cat":[8411,8504],"product_tag":[],"_links":{"self":[{"href":"https:\/\/www.laperlavalles.cat\/ca\/wp-json\/wp\/v2\/product\/62040"}],"collection":[{"href":"https:\/\/www.laperlavalles.cat\/ca\/wp-json\/wp\/v2\/product"}],"about":[{"href":"https:\/\/www.laperlavalles.cat\/ca\/wp-json\/wp\/v2\/types\/product"}],"replies":[{"embeddable":true,"href":"https:\/\/www.laperlavalles.cat\/ca\/wp-json\/wp\/v2\/comments?post=62040"}],"wp:featuredmedia":[{"embeddable":true,"href":"https:\/\/www.laperlavalles.cat\/ca\/wp-json\/wp\/v2\/media\/158241"}],"wp:attachment":[{"href":"https:\/\/www.laperlavalles.cat\/ca\/wp-json\/wp\/v2\/media?parent=62040"}],"wp:term":[{"taxonomy":"product_cat","embeddable":true,"href":"https:\/\/www.laperlavalles.cat\/ca\/wp-json\/wp\/v2\/product_cat?post=62040"},{"taxonomy":"product_tag","embeddable":true,"href":"https:\/\/www.laperlavalles.cat\/ca\/wp-json\/wp\/v2\/product_tag?post=62040"}],"curies":[{"name":"wp","href":"https:\/\/api.w.org\/{rel}","templated":true}]}}