{"id":62200,"date":"2021-07-12T19:41:24","date_gmt":"2021-07-12T17:41:28","guid":{"rendered":"https:\/\/www.laperlavalles2.bcntic.com\/product\/salsa-picant-zena-100g\/"},"modified":"2023-06-23T09:35:21","modified_gmt":"2023-06-23T07:35:21","slug":"salsa-picant-zena-100g","status":"publish","type":"product","link":"https:\/\/www.laperlavalles.cat\/ca\/producte\/salsa-picant-zena-100g\/","title":{"rendered":"SALSA PICANT ZENA 100G"},"content":{"rendered":"<p>La salsa picant Zena \u00e9s una salsa elaborada a for\u00e7a de pebrot habanero fresc. Origin\u00e0ria del Senegal. La Perla distribueix salses picants de diversos pa\u00efsos d&#8217;el m\u00f3n. Consulta el nostre cat\u00e0leg complet.<\/p>\n","protected":false},"excerpt":{"rendered":"<p>La salsa picant Zena \u00e9s una salsa elaborada a for\u00e7a de pebrot habanero fresc. Origin\u00e0ria del Senegal. La Perla distribueix salses picants de diversos pa\u00efsos d&#8217;el<span class=\"excerpt-hellip\"> [\u2026]<\/span><\/p>\n","protected":false},"featured_media":161313,"comment_status":"open","ping_status":"closed","template":"","meta":[],"product_cat":[8410],"product_tag":[],"_links":{"self":[{"href":"https:\/\/www.laperlavalles.cat\/ca\/wp-json\/wp\/v2\/product\/62200"}],"collection":[{"href":"https:\/\/www.laperlavalles.cat\/ca\/wp-json\/wp\/v2\/product"}],"about":[{"href":"https:\/\/www.laperlavalles.cat\/ca\/wp-json\/wp\/v2\/types\/product"}],"replies":[{"embeddable":true,"href":"https:\/\/www.laperlavalles.cat\/ca\/wp-json\/wp\/v2\/comments?post=62200"}],"wp:featuredmedia":[{"embeddable":true,"href":"https:\/\/www.laperlavalles.cat\/ca\/wp-json\/wp\/v2\/media\/161313"}],"wp:attachment":[{"href":"https:\/\/www.laperlavalles.cat\/ca\/wp-json\/wp\/v2\/media?parent=62200"}],"wp:term":[{"taxonomy":"product_cat","embeddable":true,"href":"https:\/\/www.laperlavalles.cat\/ca\/wp-json\/wp\/v2\/product_cat?post=62200"},{"taxonomy":"product_tag","embeddable":true,"href":"https:\/\/www.laperlavalles.cat\/ca\/wp-json\/wp\/v2\/product_tag?post=62200"}],"curies":[{"name":"wp","href":"https:\/\/api.w.org\/{rel}","templated":true}]}}