{"id":62480,"date":"2021-07-12T19:46:00","date_gmt":"2021-07-12T17:46:04","guid":{"rendered":"https:\/\/www.laperlavalles2.bcntic.com\/product\/suc-de-llimona-solimon-280ml\/"},"modified":"2023-06-23T12:25:45","modified_gmt":"2023-06-23T10:25:45","slug":"suc-de-llimona-solimon-280ml","status":"publish","type":"product","link":"https:\/\/www.laperlavalles.cat\/ca\/producte\/suc-de-llimona-solimon-280ml\/","title":{"rendered":"SUC DE LLIMONA SOLIMON 280ML"},"content":{"rendered":"<p>El suc de llimona Solim\u00f3n \u00e9s un suc de llimona natural obtingut de la primera extracci\u00f3 en fred de la llimona. \u00c9s un suc de llimona per a l&#8217;elaboraci\u00f3 culin\u00e0ria. La Perla distribueix tota mena de salses per a supermercats, botigues, majoristes, restaurants, distribu\u00efdors canal horeca&#8230;<\/p>\n","protected":false},"excerpt":{"rendered":"<p>El suc de llimona Solim\u00f3n \u00e9s un suc de llimona natural obtingut de la primera extracci\u00f3 en fred de la llimona. \u00c9s un suc de llimona<span class=\"excerpt-hellip\"> [\u2026]<\/span><\/p>\n","protected":false},"featured_media":168993,"comment_status":"open","ping_status":"closed","template":"","meta":[],"product_cat":[8410],"product_tag":[],"_links":{"self":[{"href":"https:\/\/www.laperlavalles.cat\/ca\/wp-json\/wp\/v2\/product\/62480"}],"collection":[{"href":"https:\/\/www.laperlavalles.cat\/ca\/wp-json\/wp\/v2\/product"}],"about":[{"href":"https:\/\/www.laperlavalles.cat\/ca\/wp-json\/wp\/v2\/types\/product"}],"replies":[{"embeddable":true,"href":"https:\/\/www.laperlavalles.cat\/ca\/wp-json\/wp\/v2\/comments?post=62480"}],"wp:featuredmedia":[{"embeddable":true,"href":"https:\/\/www.laperlavalles.cat\/ca\/wp-json\/wp\/v2\/media\/168993"}],"wp:attachment":[{"href":"https:\/\/www.laperlavalles.cat\/ca\/wp-json\/wp\/v2\/media?parent=62480"}],"wp:term":[{"taxonomy":"product_cat","embeddable":true,"href":"https:\/\/www.laperlavalles.cat\/ca\/wp-json\/wp\/v2\/product_cat?post=62480"},{"taxonomy":"product_tag","embeddable":true,"href":"https:\/\/www.laperlavalles.cat\/ca\/wp-json\/wp\/v2\/product_tag?post=62480"}],"curies":[{"name":"wp","href":"https:\/\/api.w.org\/{rel}","templated":true}]}}