{"id":62520,"date":"2021-07-12T19:46:44","date_gmt":"2021-07-12T17:46:48","guid":{"rendered":"https:\/\/www.laperlavalles2.bcntic.com\/product\/suc-de-llimona-concentrat-lemon-lovers\/"},"modified":"2023-06-23T12:26:30","modified_gmt":"2023-06-23T10:26:30","slug":"suc-de-llimona-concentrat-lemon-lovers","status":"publish","type":"product","link":"https:\/\/www.laperlavalles.cat\/ca\/producte\/suc-de-llimona-concentrat-lemon-lovers\/","title":{"rendered":"SUC DE LLIMONA CONCENTRAT LEMON LOVERS"},"content":{"rendered":"<p>El suc de llimona Lemon Lovers \u00e9s un suc de llimona concentrat procedent de concentrat de llimona. \u00c9s un suc de llimona per a l&#8217;elaboraci\u00f3 culin\u00e0ria. La Perla distribueix tota mena de salses per a supermercats, botigues, majoristes, restaurants, distribu\u00efdors canal horeca&#8230;<\/p>\n","protected":false},"excerpt":{"rendered":"<p>El suc de llimona Lemon Lovers \u00e9s un suc de llimona concentrat procedent de concentrat de llimona. \u00c9s un suc de llimona per a l&#8217;elaboraci\u00f3 culin\u00e0ria.<span class=\"excerpt-hellip\"> [\u2026]<\/span><\/p>\n","protected":false},"featured_media":169030,"comment_status":"open","ping_status":"closed","template":"","meta":[],"product_cat":[10617],"product_tag":[],"_links":{"self":[{"href":"https:\/\/www.laperlavalles.cat\/ca\/wp-json\/wp\/v2\/product\/62520"}],"collection":[{"href":"https:\/\/www.laperlavalles.cat\/ca\/wp-json\/wp\/v2\/product"}],"about":[{"href":"https:\/\/www.laperlavalles.cat\/ca\/wp-json\/wp\/v2\/types\/product"}],"replies":[{"embeddable":true,"href":"https:\/\/www.laperlavalles.cat\/ca\/wp-json\/wp\/v2\/comments?post=62520"}],"wp:featuredmedia":[{"embeddable":true,"href":"https:\/\/www.laperlavalles.cat\/ca\/wp-json\/wp\/v2\/media\/169030"}],"wp:attachment":[{"href":"https:\/\/www.laperlavalles.cat\/ca\/wp-json\/wp\/v2\/media?parent=62520"}],"wp:term":[{"taxonomy":"product_cat","embeddable":true,"href":"https:\/\/www.laperlavalles.cat\/ca\/wp-json\/wp\/v2\/product_cat?post=62520"},{"taxonomy":"product_tag","embeddable":true,"href":"https:\/\/www.laperlavalles.cat\/ca\/wp-json\/wp\/v2\/product_tag?post=62520"}],"curies":[{"name":"wp","href":"https:\/\/api.w.org\/{rel}","templated":true}]}}