{"id":62540,"date":"2021-07-12T19:47:06","date_gmt":"2021-07-12T17:47:10","guid":{"rendered":"https:\/\/www.laperlavalles2.bcntic.com\/product\/suc-de-llima-limasol\/"},"modified":"2025-02-28T09:20:34","modified_gmt":"2025-02-28T08:20:34","slug":"suc-de-llima-limasol","status":"publish","type":"product","link":"https:\/\/www.laperlavalles.cat\/ca\/producte\/suc-de-llima-limasol\/","title":{"rendered":"SUC DE LLIMA LIMASOL"},"content":{"rendered":"<p>El suc de llima Limasol \u00e9s un suc natural obtingut de la primera extracci\u00f3 en fred de la llima. \u00c9s un suc de llima 100% natural per a l&#8217;elaboraci\u00f3 culin\u00e0ria. La Perla distribueix tota mena de salses per a supermercats, botigues, majoristes, restaurants, distribu\u00efdors canal horeca&#8230;<\/p>\n","protected":false},"excerpt":{"rendered":"<p>El suc de llima Limasol \u00e9s un suc natural obtingut de la primera extracci\u00f3 en fred de la llima. \u00c9s un suc de llima 100% natural<span class=\"excerpt-hellip\"> [\u2026]<\/span><\/p>\n","protected":false},"featured_media":169041,"comment_status":"open","ping_status":"closed","template":"","meta":[],"product_cat":[8410],"product_tag":[],"_links":{"self":[{"href":"https:\/\/www.laperlavalles.cat\/ca\/wp-json\/wp\/v2\/product\/62540"}],"collection":[{"href":"https:\/\/www.laperlavalles.cat\/ca\/wp-json\/wp\/v2\/product"}],"about":[{"href":"https:\/\/www.laperlavalles.cat\/ca\/wp-json\/wp\/v2\/types\/product"}],"replies":[{"embeddable":true,"href":"https:\/\/www.laperlavalles.cat\/ca\/wp-json\/wp\/v2\/comments?post=62540"}],"wp:featuredmedia":[{"embeddable":true,"href":"https:\/\/www.laperlavalles.cat\/ca\/wp-json\/wp\/v2\/media\/169041"}],"wp:attachment":[{"href":"https:\/\/www.laperlavalles.cat\/ca\/wp-json\/wp\/v2\/media?parent=62540"}],"wp:term":[{"taxonomy":"product_cat","embeddable":true,"href":"https:\/\/www.laperlavalles.cat\/ca\/wp-json\/wp\/v2\/product_cat?post=62540"},{"taxonomy":"product_tag","embeddable":true,"href":"https:\/\/www.laperlavalles.cat\/ca\/wp-json\/wp\/v2\/product_tag?post=62540"}],"curies":[{"name":"wp","href":"https:\/\/api.w.org\/{rel}","templated":true}]}}