{"id":62640,"date":"2021-07-12T19:49:00","date_gmt":"2021-07-12T17:49:04","guid":{"rendered":"https:\/\/www.laperlavalles2.bcntic.com\/product\/salsa-extra-picant-zena\/"},"modified":"2023-06-23T11:23:59","modified_gmt":"2023-06-23T09:23:59","slug":"salsa-extra-picant-zena","status":"publish","type":"product","link":"https:\/\/www.laperlavalles.cat\/ca\/producte\/salsa-extra-picant-zena\/","title":{"rendered":"SALSA EXTRA PICANT ZENA"},"content":{"rendered":"<p>La salsa extra picant Zena \u00e9s una salsa elaborada a for\u00e7a de pebrot habanero fresc. La salsa \u00e9s extremadament picant. Origin\u00e0ria del Senegal. La Perla distribueix salses picants de diversos pa\u00efsos d&#8217;el m\u00f3n. Consulta el nostre cat\u00e0leg complet.<\/p>\n","protected":false},"excerpt":{"rendered":"<p>La salsa extra picant Zena \u00e9s una salsa elaborada a for\u00e7a de pebrot habanero fresc. La salsa \u00e9s extremadament picant. Origin\u00e0ria del Senegal. La Perla distribueix<span class=\"excerpt-hellip\"> [\u2026]<\/span><\/p>\n","protected":false},"featured_media":166193,"comment_status":"open","ping_status":"closed","template":"","meta":[],"product_cat":[8410],"product_tag":[],"_links":{"self":[{"href":"https:\/\/www.laperlavalles.cat\/ca\/wp-json\/wp\/v2\/product\/62640"}],"collection":[{"href":"https:\/\/www.laperlavalles.cat\/ca\/wp-json\/wp\/v2\/product"}],"about":[{"href":"https:\/\/www.laperlavalles.cat\/ca\/wp-json\/wp\/v2\/types\/product"}],"replies":[{"embeddable":true,"href":"https:\/\/www.laperlavalles.cat\/ca\/wp-json\/wp\/v2\/comments?post=62640"}],"wp:featuredmedia":[{"embeddable":true,"href":"https:\/\/www.laperlavalles.cat\/ca\/wp-json\/wp\/v2\/media\/166193"}],"wp:attachment":[{"href":"https:\/\/www.laperlavalles.cat\/ca\/wp-json\/wp\/v2\/media?parent=62640"}],"wp:term":[{"taxonomy":"product_cat","embeddable":true,"href":"https:\/\/www.laperlavalles.cat\/ca\/wp-json\/wp\/v2\/product_cat?post=62640"},{"taxonomy":"product_tag","embeddable":true,"href":"https:\/\/www.laperlavalles.cat\/ca\/wp-json\/wp\/v2\/product_tag?post=62640"}],"curies":[{"name":"wp","href":"https:\/\/api.w.org\/{rel}","templated":true}]}}